{"id":8,"date":"2021-02-17T15:57:38","date_gmt":"2021-02-17T15:57:38","guid":{"rendered":"http:\/\/skolniuspech.pedf.cuni.cz\/?page_id=8"},"modified":"2024-02-02T11:29:01","modified_gmt":"2024-02-02T11:29:01","slug":"homepage","status":"publish","type":"page","link":"https:\/\/skolniuspech.pedf.cuni.cz\/","title":{"rendered":"Homepage"},"content":{"rendered":"<p>[et_pb_section fb_built=&#8221;1&#8243; custom_padding_last_edited=&#8221;on|phone&#8221; admin_label=&#8221;Princes Of The Universe Header &#8211; Freddie&#8221; module_class=&#8221;freddie_princes_of_the_universe&#8221; _builder_version=&#8221;3.22.7&#8243; custom_padding=&#8221;250px||81px&#8221; custom_padding_tablet=&#8221;60px||0px|&#8221; custom_padding_phone=&#8221;0px||&#8221; z_index_tablet=&#8221;500&#8243; custom_css_main_element=&#8221;transition: 0.4s;||overflow: hidden;&#8221;][et_pb_row custom_padding_last_edited=&#8221;on|phone&#8221; _builder_version=&#8221;3.25&#8243; background_size=&#8221;initial&#8221; background_position=&#8221;top_left&#8221; background_repeat=&#8221;repeat&#8221; max_width=&#8221;1170px&#8221; custom_padding=&#8221;||&#8221; custom_padding_tablet=&#8221;||0px&#8221; custom_padding_phone=&#8221;60px||40px&#8221; custom_css_main_element=&#8221;    z-index: 10;&#8221; use_custom_width=&#8221;on&#8221; custom_width_px=&#8221;1170px&#8221;][et_pb_column type=&#8221;4_4&#8243; _builder_version=&#8221;3.25&#8243; custom_padding=&#8221;|||&#8221; custom_css_main_element=&#8221;    max-width: 773px;&#8221; custom_padding__hover=&#8221;|||&#8221;][et_pb_text admin_label=&#8221;Princes Of The Universe Header &#8211; Freddie &#8211; Text&#8221; _builder_version=&#8221;4.8.1&#8243; text_font=&#8221;Poppins|500|||||||&#8221; text_text_color=&#8221;#000000&#8243; text_font_size=&#8221;60px&#8221; text_letter_spacing=&#8221;0.3px&#8221; text_line_height=&#8221;150%&#8221; width=&#8221;140%&#8221; custom_margin=&#8221;||0px&#8221; text_font_size_tablet=&#8221;40px&#8221; text_font_size_phone=&#8221;22px&#8221; text_font_size_last_edited=&#8221;on|tablet&#8221; z_index_tablet=&#8221;500&#8243;]U\u010ditelsk\u00e9 porozum\u011bn\u00ed<br \/>\np\u0159\u00ed\u010din\u00e1m \u0161koln\u00ed ne\u00fasp\u011b\u0161nosti a&nbsp;efektivita pedagogick\u00fdch intervenc\u00ed[\/et_pb_text][et_pb_text admin_label=&#8221;Princes Of The Universe Header &#8211; Freddie &#8211; Text&#8221; module_class=&#8221;text_link&#8221; _builder_version=&#8221;4.8.1&#8243; text_font=&#8221;Poppins|500|||||||&#8221; text_text_color=&#8221;#000000&#8243; text_font_size=&#8221;60px&#8221; text_letter_spacing=&#8221;0.3px&#8221; text_line_height=&#8221;150%&#8221; background_image=&#8221;http:\/\/skolniuspech.pedf.cuni.cz\/wp-content\/uploads\/2021\/02\/freddie-princes-of-the-universe-image2.jpg&#8221; custom_margin=&#8221;||0px&#8221; link_option_url=&#8221;#&#8221; text_font_size_tablet=&#8221;40px&#8221; text_font_size_phone=&#8221;22px&#8221; text_font_size_last_edited=&#8221;on|tablet&#8221; z_index_tablet=&#8221;500&#8243; custom_css_main_element=&#8221;    background-position: 0 230% !important;||position: relative;&#8221; custom_css_after=&#8221;content: %22%22;||display: block;||background-color: #fddd11;||    position: absolute;||    width: 100%;||    bottom: -8px;||height: 4px&#8221;][\/et_pb_text][\/et_pb_column][\/et_pb_row][et_pb_row column_structure=&#8221;1_3,1_3,1_3&#8243; use_custom_gutter=&#8221;on&#8221; gutter_width=&#8221;1&#8243; _builder_version=&#8221;4.8.1&#8243; _module_preset=&#8221;default&#8221;][et_pb_column type=&#8221;1_3&#8243; _builder_version=&#8221;4.8.1&#8243; _module_preset=&#8221;default&#8221;][et_pb_text admin_label=&#8221;Rain Must Fall Content &#8211; Freddie &#8211; Text&#8221; _builder_version=&#8221;4.9.0&#8243; text_font=&#8221;Poppins||||||||&#8221; text_text_color=&#8221;#000000&#8243; text_font_size=&#8221;16px&#8221; text_line_height=&#8221;193%&#8221; width=&#8221;100%&#8221; z_index_tablet=&#8221;500&#8243; custom_css_main_element=&#8221;font-weight: 400 !important;&#8221;]<\/p>\n<p>Tento web informuje o v\u00fdzkumn\u00e9m projektu U\u010ditelsk\u00e9 porozum\u011bn\u00ed p\u0159\u00ed\u010din\u00e1m \u0161koln\u00ed ne\u00fasp\u011b\u0161nosti a efektivita pedagogick\u00fdch intervenc\u00ed.<\/p>\n<p>V\u00fdzkum realizuje Pedagogick\u00e1 fakulta Univerzity Karlovy ve spolupr\u00e1ci s\u00a0Pedagogickou fakultou Jiho\u010desk\u00e9 univerzity.<\/p>\n<p>Projekt je financov\u00e1n Ministerstvem \u0161kolstv\u00ed, ml\u00e1de\u017ee a t\u011blov\u00fdchovy v r\u00e1mci programu OPVVV.<\/p>\n<p>Projekt prob\u00edh\u00e1 od jara 2020 do podzimu 2023. V jeho z\u00e1v\u011bru prob\u011bhne shrnuj\u00edc\u00ed konference a bude p\u0159edstavena z\u00e1v\u011bre\u010dn\u00e1 kniha ur\u010den\u00e1 vyu\u010duj\u00edc\u00edm ve \u0161kol\u00e1ch.<\/p>\n<p>[\/et_pb_text][\/et_pb_column][et_pb_column type=&#8221;1_3&#8243; _builder_version=&#8221;4.8.1&#8243; _module_preset=&#8221;default&#8221;][et_pb_text admin_label=&#8221;Rain Must Fall Content &#8211; Freddie &#8211; Text&#8221; _builder_version=&#8221;4.8.1&#8243; text_font=&#8221;Poppins||||||||&#8221; text_text_color=&#8221;#000000&#8243; text_font_size=&#8221;16px&#8221; text_line_height=&#8221;193%&#8221; custom_padding=&#8221;25vh||||false|false&#8221; custom_padding_tablet=&#8221;10px||||false|false&#8221; custom_padding_phone=&#8221;&#8221; custom_padding_last_edited=&#8221;on|desktop&#8221; z_index_tablet=&#8221;500&#8243; custom_css_main_element=&#8221;font-weight: 400 !important;&#8221;][\/et_pb_text][\/et_pb_column][et_pb_column type=&#8221;1_3&#8243; _builder_version=&#8221;4.8.1&#8243; _module_preset=&#8221;default&#8221;][\/et_pb_column][\/et_pb_row][et_pb_row column_structure=&#8221;1_3,2_3&#8243; _builder_version=&#8221;4.8.1&#8243; width=&#8221;100%&#8221; max_width=&#8221;100%&#8221; custom_padding=&#8221;0px||0px&#8221; custom_css_main_element=&#8221;    position: absolute !important;||    bottom: 0;||left: 0;&#8221;][et_pb_column type=&#8221;1_3&#8243; _builder_version=&#8221;3.25&#8243; custom_padding=&#8221;|||&#8221; custom_padding__hover=&#8221;|||&#8221;][\/et_pb_column][et_pb_column type=&#8221;2_3&#8243; _builder_version=&#8221;3.25&#8243; custom_padding=&#8221;|||&#8221; custom_css_main_element=&#8221;    float: right;||    max-width: 1300px;&#8221; custom_padding__hover=&#8221;|||&#8221;][et_pb_image src=&#8221;http:\/\/skolniuspech.pedf.cuni.cz\/wp-content\/uploads\/2021\/02\/child-830988_1920.jpg&#8221; title_text=&#8221;child-830988_1920&#8243; align_tablet=&#8221;center&#8221; align_phone=&#8221;&#8221; align_last_edited=&#8221;on|desktop&#8221; admin_label=&#8221;Princes Of The Universe Header &#8211; Freddie &#8211; Image&#8221; _builder_version=&#8221;4.8.1&#8243; positioning=&#8221;relative&#8221; position_origin_a=&#8221;top_right&#8221; z_index=&#8221;-28&#8243; width=&#8221;100%&#8221; z_index_tablet=&#8221;500&#8243;][\/et_pb_image][\/et_pb_column][\/et_pb_row][\/et_pb_section][et_pb_section fb_built=&#8221;1&#8243; _builder_version=&#8221;4.9.0&#8243; _module_preset=&#8221;default&#8221; custom_margin=&#8221;||-237px|||&#8221;][\/et_pb_section][et_pb_section fb_built=&#8221;1&#8243; custom_padding_last_edited=&#8221;on|phone&#8221; admin_label=&#8221;Rain Must Fall Content &#8211; Freddie&#8221; module_class=&#8221;freddie_rain_must_fall_content&#8221; _builder_version=&#8221;3.22.7&#8243; custom_padding=&#8221;0px|||||&#8221; custom_padding_tablet=&#8221;60px||20px|&#8221; custom_padding_phone=&#8221;40px||&#8221; z_index_tablet=&#8221;500&#8243;][et_pb_row _builder_version=&#8221;3.25&#8243; max_width=&#8221;1170px&#8221;][et_pb_column type=&#8221;4_4&#8243; _builder_version=&#8221;3.25&#8243; custom_padding=&#8221;|||&#8221; custom_padding__hover=&#8221;|||&#8221;][et_pb_text admin_label=&#8221;Rain Must Fall Content &#8211; Freddie &#8211; Text&#8221; _builder_version=&#8221;4.8.1&#8243; text_font=&#8221;Poppins|500|||||||&#8221; text_font_size=&#8221;50px&#8221; text_letter_spacing=&#8221;0.4px&#8221; text_line_height=&#8221;147%&#8221; max_width=&#8221;920px&#8221; text_font_size_tablet=&#8221;36px&#8221; text_font_size_phone=&#8221;22px&#8221; text_font_size_last_edited=&#8221;on|phone&#8221; z_index_tablet=&#8221;500&#8243;]<\/p>\n<p>Jak\u00e9 jsou c\u00edle v\u00fdzkumu?<\/p>\n<p>[\/et_pb_text][\/et_pb_column][\/et_pb_row][et_pb_row column_structure=&#8221;1_3,1_3,1_3&#8243; use_custom_gutter=&#8221;on&#8221; gutter_width=&#8221;2&#8243; custom_padding_last_edited=&#8221;on|tablet&#8221; _builder_version=&#8221;3.25&#8243; max_width=&#8221;1170px&#8221; custom_padding=&#8221;11px||&#8221; custom_padding_tablet=&#8221;0px||&#8221; custom_padding_phone=&#8221;&#8221;][et_pb_column type=&#8221;1_3&#8243; _builder_version=&#8221;3.25&#8243; custom_padding=&#8221;4px|||&#8221; custom_padding__hover=&#8221;|||&#8221;][et_pb_text ul_type=&#8221;circle&#8221; ul_position=&#8221;inside&#8221; quote_border_color=&#8221;#EDF000&#8243; admin_label=&#8221;Rain Must Fall Content &#8211; Freddie &#8211; Text&#8221; _builder_version=&#8221;4.8.1&#8243; text_font=&#8221;Poppins||||||||&#8221; text_text_color=&#8221;#000000&#8243; text_font_size=&#8221;16px&#8221; text_line_height=&#8221;193%&#8221; ul_font=&#8221;||||||||&#8221; ul_font_size=&#8221;12px&#8221; ol_font_size=&#8221;13px&#8221; quote_text_color=&#8221;#000000&#8243; quote_font_size=&#8221;12px&#8221; z_index_tablet=&#8221;500&#8243; custom_css_main_element=&#8221;font-weight: 400 !important;&#8221; locked=&#8221;off&#8221;]<\/p>\n<p>zjistit, jak\u00e9 pedagogick\u00e9 intervence proti \u0161koln\u00ed ne\u00fasp\u011b\u0161nosti v matematice a \u010desk\u00e9m jazyku na za\u010d\u00e1tku 1. stupn\u011b Z\u0160 jsou \u00fa\u010dinn\u00e9, a to v z\u00e1vislosti na u\u010ditelsk\u00e9m uchopen\u00ed p\u0159\u00ed\u010din ne\u00fasp\u011b\u0161nosti, na charakteristik\u00e1ch individu\u00e1ln\u00edch \u017e\u00e1k\u016f\/\u017e\u00e1ky\u0148, na podm\u00ednk\u00e1ch ve \u0161koln\u00ed t\u0159\u00edd\u011b a na pou\u017e\u00edvan\u00fdch pedagogick\u00fdch postupech<\/p>\n<blockquote>\n<p>popsat u\u010ditelsk\u00e9 definice \u0161koln\u00ed ne\u00fasp\u011b\u0161nosti, v\u010detn\u011b jej\u00edch r\u016fzn\u00fdch p\u0159\u00ed\u010din<\/p>\n<p>porovnat parametry \u0161koln\u00ed ne\u00fasp\u011b\u0161nosti v u\u010ditelsk\u00e9 definici a v individu\u00e1ln\u00edch profilech schopnost\u00ed, znalost\u00ed a dovednost\u00ed \u017e\u00e1k\u016f<\/p>\n<\/blockquote>\n<p>[\/et_pb_text][\/et_pb_column][et_pb_column type=&#8221;1_3&#8243; _builder_version=&#8221;3.25&#8243; custom_padding=&#8221;4px|||&#8221; custom_padding__hover=&#8221;|||&#8221;][et_pb_text ul_type=&#8221;circle&#8221; ul_position=&#8221;inside&#8221; quote_border_color=&#8221;#EDF000&#8243; admin_label=&#8221;Rain Must Fall Content &#8211; Freddie &#8211; Text&#8221; _builder_version=&#8221;4.8.1&#8243; text_font=&#8221;Poppins||||||||&#8221; text_text_color=&#8221;#000000&#8243; text_font_size=&#8221;16px&#8221; text_line_height=&#8221;193%&#8221; ul_font=&#8221;||||||||&#8221; ul_font_size=&#8221;12px&#8221; ol_font_size=&#8221;13px&#8221; quote_text_color=&#8221;#000000&#8243; quote_font_size=&#8221;12px&#8221; z_index_tablet=&#8221;500&#8243; custom_css_main_element=&#8221;font-weight: 400 !important;&#8221;]<\/p>\n<blockquote>\n<p>zmapovat uva\u017eovan\u00e9 a re\u00e1ln\u011b pou\u017e\u00edvan\u00e9 pedagogick\u00e9 postupy v\u016f\u010di \u017e\u00e1k\u016fm, kte\u0159\u00ed jsou<br \/> vyu\u010duj\u00edc\u00edmi vn\u00edm\u00e1ni jako \u0161koln\u011b ne\u00fasp\u011b\u0161n\u00ed<\/p>\n<p>ov\u011b\u0159it prost\u0159ednictv\u00edm srovn\u00e1n\u00ed vstupn\u00edho a v\u00fdstupn\u00edho testov\u00e1n\u00ed efektivitu pou\u017eit\u00fdch<br \/> pedagogick\u00fdch intervenc\u00ed pro sni\u017eov\u00e1n\u00ed \u0161koln\u00ed ne\u00fasp\u011b\u0161nosti a p\u0159ek\u00e1\u017ekek<\/p>\n<\/blockquote>\n<p><span style=\"color: #e02b20;\"><strong>Jak v\u00fdzkum prob\u00edh\u00e1?<\/strong><\/span><br \/> Ve 29 t\u0159\u00edd\u00e1ch 1. stupn\u011b z\u00e1kladn\u00edch \u0161kol prov\u00e1d\u00edme s\u00e9rii p\u0159\u00edpadov\u00fdch studi\u00ed. P\u0159\u00edpadov\u00e9 studie byly zah\u00e1jeny v\u00fdb\u011brem t\u0159\u00edd v prvn\u00edm ro\u010dn\u00edku. Pot\u00e9 byly t\u0159\u00eddy intenzivn\u011b sledov\u00e1ny b\u011bhem druh\u00e9ho a t\u0159et\u00edho ro\u010dn\u00edku. Sb\u011br dat tedy prob\u00edhal ve \u0161koln\u00edch letech 2020\/2021 a 2021\/2022.<\/p>\n<p>[\/et_pb_text][\/et_pb_column][et_pb_column type=&#8221;1_3&#8243; _builder_version=&#8221;3.25&#8243; custom_padding=&#8221;|||&#8221; custom_padding__hover=&#8221;|||&#8221;][et_pb_text _builder_version=&#8221;4.8.1&#8243; _module_preset=&#8221;default&#8221; text_font=&#8221;Poppins|600|||||||&#8221; text_text_color=&#8221;#FFFFFF&#8221; text_font_size=&#8221;16px&#8221; background_color=&#8221;#000000&#8243; custom_margin=&#8221;||-30px||false|false&#8221; custom_padding=&#8221;25px|25px||25px|false|true&#8221;]<\/p>\n<p><span style=\"color: #ffffff;\">Ka\u017ed\u00e1 p\u0159\u00edpadov\u00e1 studie zahrnuje sb\u011br dat n\u00e1sleduj\u00edc\u00edmi metodami:<\/span><\/p>\n<p>[\/et_pb_text][et_pb_text ol_type=&#8221;none&#8221; admin_label=&#8221;Rain Must Fall Content &#8211; Freddie &#8211; Menu&#8221; _builder_version=&#8221;4.8.1&#8243; text_font=&#8221;Poppins|500|||||||&#8221; text_text_color=&#8221;#ffffff&#8221; text_font_size=&#8221;16px&#8221; text_line_height=&#8221;120%&#8221; background_color=&#8221;#000000&#8243; custom_margin=&#8221;26px|||||&#8221; custom_padding=&#8221;20%|21%|20%|21%&#8221; z_index_tablet=&#8221;500&#8243; locked=&#8221;off&#8221;]<\/p>\n<ul>\n<li>testov\u00e1n\u00ed schopnost\u00ed, znalost\u00ed, dovednost\u00ed a postoj\u016f jednotliv\u00fdch \u017e\u00e1k\u016f a \u017e\u00e1kyn\u00ed<\/li>\n<li>rozhovory s vyu\u010duj\u00edc\u00edmi<\/li>\n<li>pozorov\u00e1n\u00ed v\u00fduky<\/li>\n<li>dotazn\u00edk pro rodi\u010de<\/li>\n<\/ul>\n<p>[\/et_pb_text][\/et_pb_column][\/et_pb_row][\/et_pb_section]<\/p>\n","protected":false},"excerpt":{"rendered":"<p>[et_pb_section fb_built=&#8221;1&#8243; custom_padding_last_edited=&#8221;on|phone&#8221; admin_label=&#8221;Princes Of The Universe Header &#8211; Freddie&#8221; module_class=&#8221;freddie_princes_of_the_universe&#8221; _builder_version=&#8221;3.22.7&#8243; custom_padding=&#8221;250px||81px&#8221; custom_padding_tablet=&#8221;60px||0px|&#8221; custom_padding_phone=&#8221;0px||&#8221; z_index_tablet=&#8221;500&#8243; custom_css_main_element=&#8221;transition: 0.4s;||overflow: hidden;&#8221;][et_pb_row custom_padding_last_edited=&#8221;on|phone&#8221; _builder_version=&#8221;3.25&#8243; background_size=&#8221;initial&#8221; background_position=&#8221;top_left&#8221; background_repeat=&#8221;repeat&#8221; max_width=&#8221;1170px&#8221; custom_padding=&#8221;||&#8221; custom_padding_tablet=&#8221;||0px&#8221; custom_padding_phone=&#8221;60px||40px&#8221; custom_css_main_element=&#8221; z-index: 10;&#8221; use_custom_width=&#8221;on&#8221; custom_width_px=&#8221;1170px&#8221;][et_pb_column type=&#8221;4_4&#8243; _builder_version=&#8221;3.25&#8243; custom_padding=&#8221;|||&#8221; custom_css_main_element=&#8221; max-width: 773px;&#8221; custom_padding__hover=&#8221;|||&#8221;][et_pb_text admin_label=&#8221;Princes Of The Universe Header &#8211; Freddie &#8211; Text&#8221; _builder_version=&#8221;4.8.1&#8243; text_font=&#8221;Poppins|500|||||||&#8221; text_text_color=&#8221;#000000&#8243; text_font_size=&#8221;60px&#8221; text_letter_spacing=&#8221;0.3px&#8221; text_line_height=&#8221;150%&#8221; [&hellip;]<\/p>\n","protected":false},"author":1,"featured_media":0,"parent":0,"menu_order":0,"comment_status":"closed","ping_status":"closed","template":"","meta":{"_et_pb_use_builder":"on","_et_pb_old_content":"","_et_gb_content_width":""},"_links":{"self":[{"href":"https:\/\/skolniuspech.pedf.cuni.cz\/index.php\/wp-json\/wp\/v2\/pages\/8"}],"collection":[{"href":"https:\/\/skolniuspech.pedf.cuni.cz\/index.php\/wp-json\/wp\/v2\/pages"}],"about":[{"href":"https:\/\/skolniuspech.pedf.cuni.cz\/index.php\/wp-json\/wp\/v2\/types\/page"}],"author":[{"embeddable":true,"href":"https:\/\/skolniuspech.pedf.cuni.cz\/index.php\/wp-json\/wp\/v2\/users\/1"}],"replies":[{"embeddable":true,"href":"https:\/\/skolniuspech.pedf.cuni.cz\/index.php\/wp-json\/wp\/v2\/comments?post=8"}],"version-history":[{"count":12,"href":"https:\/\/skolniuspech.pedf.cuni.cz\/index.php\/wp-json\/wp\/v2\/pages\/8\/revisions"}],"predecessor-version":[{"id":118,"href":"https:\/\/skolniuspech.pedf.cuni.cz\/index.php\/wp-json\/wp\/v2\/pages\/8\/revisions\/118"}],"wp:attachment":[{"href":"https:\/\/skolniuspech.pedf.cuni.cz\/index.php\/wp-json\/wp\/v2\/media?parent=8"}],"curies":[{"name":"wp","href":"https:\/\/api.w.org\/{rel}","templated":true}]}}