{"id":44,"date":"2021-02-17T16:21:14","date_gmt":"2021-02-17T16:21:14","guid":{"rendered":"http:\/\/skolniuspech.pedf.cuni.cz\/?page_id=44"},"modified":"2021-02-19T23:22:54","modified_gmt":"2021-02-19T23:22:54","slug":"o-nas","status":"publish","type":"page","link":"https:\/\/skolniuspech.pedf.cuni.cz\/index.php\/o-nas\/","title":{"rendered":"O n\u00e1s"},"content":{"rendered":"<p>[et_pb_section fb_built=&#8221;1&#8243; custom_padding_last_edited=&#8221;on|tablet&#8221; disabled_on=&#8221;off|off|off&#8221; admin_label=&#8221;Your Life Content &#8211; Diana&#8221; module_class=&#8221;diana_your_life_content&#8221; _builder_version=&#8221;4.2.1&#8243; custom_padding=&#8221;29px||||false|false&#8221; custom_padding_tablet=&#8221;||0px||false|false&#8221; custom_padding_phone=&#8221;&#8221;][et_pb_row column_structure=&#8221;1_3,2_3&#8243; use_custom_gutter=&#8221;on&#8221; gutter_width=&#8221;4&#8243; custom_padding_last_edited=&#8221;on|phone&#8221; admin_label=&#8221;Your Life Content &#8211; Diana &#8211; Row&#8221; _builder_version=&#8221;4.0.6&#8243; width=&#8221;90%&#8221; custom_padding=&#8221;||26px||false|false&#8221; custom_padding_tablet=&#8221;&#8221; custom_padding_phone=&#8221;||0px||false|false&#8221;][et_pb_column type=&#8221;1_3&#8243; _builder_version=&#8221;4.0.6&#8243; custom_padding=&#8221;7px||||false|false&#8221;][et_pb_blurb title=&#8221;\u0160koln\u00ed \u00fasp\u011b\u0161nost&#8221; content_max_width=&#8221;100%&#8221; content_max_width_last_edited=&#8221;off|desktop&#8221; admin_label=&#8221;Your Life Content &#8211; Diana &#8211; Blurb&#8221; _builder_version=&#8221;4.9.0&#8243; header_font=&#8221;Roboto||||||||&#8221; header_text_color=&#8221;#33373a&#8221; header_font_size=&#8221;30px&#8221; header_line_height=&#8221;120%&#8221; body_font=&#8221;Roboto||||||||&#8221; body_text_color=&#8221;#a6a6a6&#8243; body_font_size=&#8221;16px&#8221; body_letter_spacing=&#8221;0.4px&#8221; body_line_height=&#8221;150%&#8221; custom_css_blurb_title=&#8221;font-weight:400;||    padding-bottom: 5px;||    letter-spacing: 0;&#8221; custom_css_blurb_content=&#8221;font-weight:400;&#8221;]<\/p>\n<p>Katedra psychologie PedF UK<\/p>\n<p>[\/et_pb_blurb][\/et_pb_column][et_pb_column type=&#8221;2_3&#8243; _builder_version=&#8221;4.0.6&#8243;][et_pb_text admin_label=&#8221;Your Life Content &#8211; Diana &#8211; Text&#8221; _builder_version=&#8221;4.9.0&#8243; text_font=&#8221;Roboto||||||||&#8221; text_text_color=&#8221;#33373a&#8221; text_font_size=&#8221;54px&#8221; text_letter_spacing=&#8221;-1.6px&#8221; text_line_height=&#8221;126%&#8221; text_font_size_tablet=&#8221;36px&#8221; text_font_size_phone=&#8221;26px&#8221; text_font_size_last_edited=&#8221;on|phone&#8221; custom_css_main_element=&#8221;font-weight:400;&#8221;]<\/p>\n<p>O n\u00e1s<\/p>\n<p>[\/et_pb_text][et_pb_cta admin_label=&#8221;Known You Content &#8211; Diana &#8211; Call To Action&#8221; _builder_version=&#8221;4.9.0&#8243; header_font=&#8221;Roboto||||||||&#8221; header_text_color=&#8221;#33373a&#8221; header_font_size=&#8221;36px&#8221; header_line_height=&#8221;146%&#8221; body_font=&#8221;Roboto||||||||&#8221; body_text_color=&#8221;#000000&#8243; body_font_size=&#8221;16px&#8221; body_line_height=&#8221;164%&#8221; use_background_color=&#8221;off&#8221; text_orientation=&#8221;left&#8221; hover_enabled=&#8221;0&#8243; header_font_size_tablet=&#8221;30px&#8221; header_font_size_phone=&#8221;24px&#8221; header_font_size_last_edited=&#8221;on|phone&#8221; custom_css_promo_description=&#8221;font-weight: 400;&#8221; custom_css_promo_title=&#8221;font-weight: 400;||    padding-bottom: 19px;&#8221; sticky_enabled=&#8221;0&#8243;]<\/p>\n<p>V\u00fdzkum je realizov\u00e1n v\u00a0\u0161irok\u00e9m interdisciplin\u00e1rn\u00edm t\u00fdmu. Propojen\u00ed r\u016fzn\u00fdch oborov\u00fdch perspektiv je velmi p\u0159\u00ednosn\u00e9. Stejn\u011b tak i bl\u00edzk\u00e9 napojen\u00ed na \u0161koln\u00ed praxi, kter\u00e9 zaji\u0161\u0165uj\u00ed jak \u010dlenky t\u00fdmu (z nich velk\u00e1 \u010d\u00e1st p\u016fsob\u00ed na z\u00e1kladn\u00edch \u0161kol\u00e1ch \u010di v poradn\u00e1ch), tak \u00fazk\u00e1 spolupr\u00e1ce s\u00a0vyu\u010duj\u00edc\u00edmi ze t\u0159\u00edd, kde prob\u00edhaj\u00ed p\u0159\u00edpadov\u00e9 studie.<\/p>\n<p>[\/et_pb_cta][\/et_pb_column][\/et_pb_row][et_pb_row column_structure=&#8221;1_2,1_2&#8243; use_custom_gutter=&#8221;on&#8221; gutter_width=&#8221;1&#8243; admin_label=&#8221;Your Life Content &#8211; Diana &#8211; Row&#8221; _builder_version=&#8221;4.9.0&#8243; width=&#8221;90%&#8221;][et_pb_column type=&#8221;1_2&#8243; _builder_version=&#8221;4.9.0&#8243;][et_pb_blurb title=&#8221;Pedagogick\u00e1 fakulta Univerzity Karlovy&#8221; content_max_width=&#8221;90%&#8221; admin_label=&#8221;Your Life Content &#8211; Diana &#8211; Blurb&#8221; _builder_version=&#8221;4.9.0&#8243; header_font=&#8221;Roboto||||||||&#8221; header_text_color=&#8221;#33373a&#8221; body_font=&#8221;Roboto||||||||&#8221; body_text_color=&#8221;#000000&#8243; body_font_size=&#8221;13px&#8221; body_line_height=&#8221;166%&#8221; max_width_tablet=&#8221;&#8221; max_width_phone=&#8221;100%&#8221; max_width_last_edited=&#8221;on|phone&#8221; module_alignment=&#8221;center&#8221; hover_enabled=&#8221;0&#8243; custom_css_blurb_title=&#8221;font-weight:400;||    padding-bottom: 25px;&#8221; custom_css_blurb_content=&#8221;font-weight:400;&#8221; sticky_enabled=&#8221;0&#8243;]<\/p>\n<ul>\n<li>Katedra psychologie<\/li>\n<li>Katedra preprim\u00e1rn\u00ed a prim\u00e1rn\u00ed pedagogiky<\/li>\n<li>Katedra matematiky a didaktiky matematiky<\/li>\n<li>Katedra \u010desk\u00e9ho jazyka a didaktiky \u010desk\u00e9ho jazyka<\/li>\n<\/ul>\n<p>&nbsp;<\/p>\n<p>[\/et_pb_blurb][\/et_pb_column][et_pb_column type=&#8221;1_2&#8243; _builder_version=&#8221;4.9.0&#8243;][et_pb_blurb title=&#8221;Pedagogick\u00e1 fakulta Jiho\u010desk\u00e9 univerzity&#8221; content_max_width=&#8221;90%&#8221; admin_label=&#8221;Your Life Content &#8211; Diana &#8211; Blurb&#8221; _builder_version=&#8221;4.9.0&#8243; header_font=&#8221;Roboto||||||||&#8221; header_text_color=&#8221;#33373a&#8221; body_font=&#8221;Roboto||||||||&#8221; body_text_color=&#8221;#000000&#8243; body_font_size=&#8221;13px&#8221; body_line_height=&#8221;166%&#8221; max_width_tablet=&#8221;&#8221; max_width_phone=&#8221;100%&#8221; max_width_last_edited=&#8221;on|phone&#8221; module_alignment=&#8221;center&#8221; hover_enabled=&#8221;0&#8243; custom_css_blurb_title=&#8221;font-weight:400;||    padding-bottom: 25px;&#8221; custom_css_blurb_content=&#8221;font-weight:400;&#8221; sticky_enabled=&#8221;0&#8243;]<\/p>\n<ul>\n<li>Katedra psychologie a pedagogiky<\/li>\n<\/ul>\n<p>&nbsp;<\/p>\n<p>[\/et_pb_blurb][\/et_pb_column][\/et_pb_row][et_pb_row _builder_version=&#8221;4.9.0&#8243; _module_preset=&#8221;default&#8221;][et_pb_column type=&#8221;4_4&#8243; _builder_version=&#8221;4.9.0&#8243; _module_preset=&#8221;default&#8221;][et_pb_cta title=&#8221;Slo\u017een\u00ed v\u00fdzkumn\u00e9ho t\u00fdmu&#8221; admin_label=&#8221;Known You Content &#8211; Diana &#8211; Call To Action&#8221; _builder_version=&#8221;4.9.0&#8243; header_level=&#8221;h4&#8243; header_font=&#8221;Roboto||||||||&#8221; header_text_color=&#8221;#33373a&#8221; body_font=&#8221;Roboto||||||||&#8221; body_text_color=&#8221;#000000&#8243; body_font_size=&#8221;16px&#8221; body_line_height=&#8221;164%&#8221; use_background_color=&#8221;off&#8221; text_orientation=&#8221;left&#8221; hover_enabled=&#8221;0&#8243; custom_css_promo_description=&#8221;font-weight: 400;&#8221; custom_css_promo_title=&#8221;font-weight: 400;||    padding-bottom: 19px;&#8221; sticky_enabled=&#8221;0&#8243;]<\/p>\n<table>\n<tbody>\n<tr>\n<td width=\"226\"><\/td>\n<td width=\"66\">Fakulta<\/td>\n<td width=\"104\">Katedra<\/td>\n<td width=\"213\">Email<\/td>\n<\/tr>\n<tr>\n<td width=\"226\">Irena Smet\u00e1\u010dkov\u00e1<\/td>\n<td width=\"66\">UK<\/td>\n<td width=\"104\">Psy<\/td>\n<td width=\"213\"><a href=\"mailto:Irena.smetackova@pedf.cuni.cz\">Irena.smetackova@pedf.cuni.cz<\/a><\/td>\n<\/tr>\n<tr>\n<td width=\"226\">Ida Viktorov\u00e1<\/td>\n<td width=\"66\">UK<\/td>\n<td width=\"104\">Psy<\/td>\n<td width=\"213\">Ida.viktorova@pedf.cuni.cz<\/td>\n<\/tr>\n<tr>\n<td width=\"226\">Olga Ku\u010derov\u00e1<\/td>\n<td width=\"66\">UK<\/td>\n<td width=\"104\">Psy<\/td>\n<td width=\"213\">olga.kucerova@pedf.cuni.cz<\/td>\n<\/tr>\n<tr>\n<td width=\"226\">Anna P\u00e1chov\u00e1<\/td>\n<td width=\"66\">UK<\/td>\n<td width=\"104\">Psy<\/td>\n<td width=\"213\">annapachova@gmail.com<\/td>\n<\/tr>\n<tr>\n<td width=\"226\">Jana Kr\u00e1tk\u00e1<\/td>\n<td width=\"66\">UK<\/td>\n<td width=\"104\">PrimPg<\/td>\n<td width=\"213\">Jana.kratka@pedf.cuni.cz<\/td>\n<\/tr>\n<tr>\n<td width=\"226\">Jana Star\u00e1<\/td>\n<td width=\"66\">UK<\/td>\n<td width=\"104\">PrimPg<\/td>\n<td width=\"213\">jana.stara@pedf.cuni.cz<\/td>\n<\/tr>\n<tr>\n<td width=\"226\">Lenka Zemanov\u00e1<\/td>\n<td width=\"66\">UK<\/td>\n<td width=\"104\">PrimPg<\/td>\n<td width=\"213\">Lenka.Zemanova@pedf.cuni.cz<\/td>\n<\/tr>\n<tr>\n<td width=\"226\">Gabriela Babu\u0161ov\u00e1<\/td>\n<td width=\"66\">UK<\/td>\n<td width=\"104\">\u010cJ<\/td>\n<td width=\"213\">Gabriela.babusova@pedf.cuni.cz<\/td>\n<\/tr>\n<tr>\n<td width=\"226\">Kl\u00e1ra Eli\u00e1\u0161kov\u00e1<\/td>\n<td width=\"66\">UK<\/td>\n<td width=\"104\">\u010cJ<\/td>\n<td width=\"213\">keliaskova@seznam.cz<\/td>\n<\/tr>\n<tr>\n<td width=\"226\">Martina \u0160mejkalov\u00e1<\/td>\n<td width=\"66\">UK<\/td>\n<td width=\"104\">\u010cJ<\/td>\n<td width=\"213\">martina.smejkalova@pedf.cuni.cz<\/td>\n<\/tr>\n<tr>\n<td width=\"226\">Darina Jirotkov\u00e1<\/td>\n<td width=\"66\">UK<\/td>\n<td width=\"104\">M<\/td>\n<td width=\"213\">darina.jirotkova@pedf.cuni.cz<\/td>\n<\/tr>\n<tr>\n<td width=\"226\">Na\u010fa Vondrov\u00e1<\/td>\n<td width=\"66\">UK<\/td>\n<td width=\"104\">M<\/td>\n<td width=\"213\">Nada.vondrova@pedf.cuni.cz<\/td>\n<\/tr>\n<tr>\n<td width=\"226\">Jana Slez\u00e1kov\u00e1<\/td>\n<td width=\"66\">UK<\/td>\n<td width=\"104\">M<\/td>\n<td width=\"213\">Jana.slezakova@pedf.cuni.cz<\/td>\n<\/tr>\n<tr>\n<td width=\"226\">Olga Malinovsk\u00e1<\/td>\n<td width=\"66\">JU<\/td>\n<td width=\"104\">Pg Psy<\/td>\n<td width=\"213\">omalinovska@pf.jcu.cz<\/td>\n<\/tr>\n<tr>\n<td width=\"226\">Zuzana B\u00edlkov\u00e1<\/td>\n<td width=\"66\">JU<\/td>\n<td width=\"104\">Pg Psy<\/td>\n<td width=\"213\">bilkova@pf.jcu.cz<\/td>\n<\/tr>\n<tr>\n<td width=\"226\"><span>Zuzana \u0160tef\u00e1nkov\u00e1<\/span><\/td>\n<td width=\"66\">JU<\/td>\n<td width=\"104\">Pg Psy<\/td>\n<td width=\"213\">stef@pf.jcu.cz<\/td>\n<\/tr>\n<tr>\n<td width=\"226\">Helena Havlisov\u00e1<\/td>\n<td width=\"66\">JU<\/td>\n<td width=\"104\">Pg Psy<\/td>\n<td width=\"213\">havlis@pf.jcu.cz<\/td>\n<\/tr>\n<\/tbody>\n<\/table>\n<p>&nbsp;<\/p>\n<p>&nbsp;<\/p>\n<p>[\/et_pb_cta][\/et_pb_column][\/et_pb_row][\/et_pb_section]<\/p>\n","protected":false},"excerpt":{"rendered":"<p>[et_pb_section fb_built=&#8221;1&#8243; custom_padding_last_edited=&#8221;on|tablet&#8221; disabled_on=&#8221;off|off|off&#8221; admin_label=&#8221;Your Life Content &#8211; Diana&#8221; module_class=&#8221;diana_your_life_content&#8221; _builder_version=&#8221;4.2.1&#8243; custom_padding=&#8221;29px||||false|false&#8221; custom_padding_tablet=&#8221;||0px||false|false&#8221; custom_padding_phone=&#8221;&#8221;][et_pb_row column_structure=&#8221;1_3,2_3&#8243; use_custom_gutter=&#8221;on&#8221; gutter_width=&#8221;4&#8243; custom_padding_last_edited=&#8221;on|phone&#8221; admin_label=&#8221;Your Life Content &#8211; Diana &#8211; Row&#8221; _builder_version=&#8221;4.0.6&#8243; width=&#8221;90%&#8221; custom_padding=&#8221;||26px||false|false&#8221; custom_padding_tablet=&#8221;&#8221; custom_padding_phone=&#8221;||0px||false|false&#8221;][et_pb_column type=&#8221;1_3&#8243; _builder_version=&#8221;4.0.6&#8243; custom_padding=&#8221;7px||||false|false&#8221;][et_pb_blurb title=&#8221;\u0160koln\u00ed \u00fasp\u011b\u0161nost&#8221; content_max_width=&#8221;100%&#8221; content_max_width_last_edited=&#8221;off|desktop&#8221; admin_label=&#8221;Your Life Content &#8211; Diana &#8211; Blurb&#8221; _builder_version=&#8221;4.9.0&#8243; header_font=&#8221;Roboto||||||||&#8221; header_text_color=&#8221;#33373a&#8221; header_font_size=&#8221;30px&#8221; header_line_height=&#8221;120%&#8221; body_font=&#8221;Roboto||||||||&#8221; body_text_color=&#8221;#a6a6a6&#8243; body_font_size=&#8221;16px&#8221; body_letter_spacing=&#8221;0.4px&#8221; body_line_height=&#8221;150%&#8221; custom_css_blurb_title=&#8221;font-weight:400;|| [&hellip;]<\/p>\n","protected":false},"author":1,"featured_media":0,"parent":0,"menu_order":0,"comment_status":"closed","ping_status":"closed","template":"","meta":{"_et_pb_use_builder":"on","_et_pb_old_content":"","_et_gb_content_width":""},"_links":{"self":[{"href":"https:\/\/skolniuspech.pedf.cuni.cz\/index.php\/wp-json\/wp\/v2\/pages\/44"}],"collection":[{"href":"https:\/\/skolniuspech.pedf.cuni.cz\/index.php\/wp-json\/wp\/v2\/pages"}],"about":[{"href":"https:\/\/skolniuspech.pedf.cuni.cz\/index.php\/wp-json\/wp\/v2\/types\/page"}],"author":[{"embeddable":true,"href":"https:\/\/skolniuspech.pedf.cuni.cz\/index.php\/wp-json\/wp\/v2\/users\/1"}],"replies":[{"embeddable":true,"href":"https:\/\/skolniuspech.pedf.cuni.cz\/index.php\/wp-json\/wp\/v2\/comments?post=44"}],"version-history":[{"count":5,"href":"https:\/\/skolniuspech.pedf.cuni.cz\/index.php\/wp-json\/wp\/v2\/pages\/44\/revisions"}],"predecessor-version":[{"id":68,"href":"https:\/\/skolniuspech.pedf.cuni.cz\/index.php\/wp-json\/wp\/v2\/pages\/44\/revisions\/68"}],"wp:attachment":[{"href":"https:\/\/skolniuspech.pedf.cuni.cz\/index.php\/wp-json\/wp\/v2\/media?parent=44"}],"curies":[{"name":"wp","href":"https:\/\/api.w.org\/{rel}","templated":true}]}}