{"id":40,"date":"2021-02-17T16:18:53","date_gmt":"2021-02-17T16:18:53","guid":{"rendered":"http:\/\/skolniuspech.pedf.cuni.cz\/?page_id=40"},"modified":"2024-02-02T12:06:00","modified_gmt":"2024-02-02T12:06:00","slug":"vysledky","status":"publish","type":"page","link":"https:\/\/skolniuspech.pedf.cuni.cz\/index.php\/vysledky\/","title":{"rendered":"V\u00fdsledky"},"content":{"rendered":"<p>[et_pb_section fb_built=&#8221;1&#8243; custom_padding_last_edited=&#8221;on|tablet&#8221; disabled_on=&#8221;off|off|off&#8221; admin_label=&#8221;Your Life Content &#8211; Diana&#8221; module_class=&#8221;diana_your_life_content&#8221; _builder_version=&#8221;4.9.0&#8243; custom_padding=&#8221;29px||||false|false&#8221; custom_padding_tablet=&#8221;||0px||false|false&#8221; custom_padding_phone=&#8221;&#8221;][et_pb_row column_structure=&#8221;1_3,2_3&#8243; use_custom_gutter=&#8221;on&#8221; gutter_width=&#8221;4&#8243; custom_padding_last_edited=&#8221;on|phone&#8221; admin_label=&#8221;Your Life Content &#8211; Diana &#8211; Row&#8221; _builder_version=&#8221;4.0.6&#8243; width=&#8221;90%&#8221; custom_padding=&#8221;||26px||false|false&#8221; custom_padding_tablet=&#8221;&#8221; custom_padding_phone=&#8221;||0px||false|false&#8221;][et_pb_column type=&#8221;1_3&#8243; _builder_version=&#8221;4.0.6&#8243; custom_padding=&#8221;7px||||false|false&#8221;][\/et_pb_column][et_pb_column type=&#8221;2_3&#8243; _builder_version=&#8221;4.0.6&#8243;][et_pb_text admin_label=&#8221;Your Life Content &#8211; Diana &#8211; Text&#8221; _builder_version=&#8221;4.9.0&#8243; text_font=&#8221;Roboto||||||||&#8221; text_text_color=&#8221;#33373a&#8221; text_font_size=&#8221;54px&#8221; text_letter_spacing=&#8221;-1.6px&#8221; text_line_height=&#8221;126%&#8221; custom_margin=&#8221;|||-411px||&#8221; text_font_size_tablet=&#8221;36px&#8221; text_font_size_phone=&#8221;26px&#8221; text_font_size_last_edited=&#8221;on|phone&#8221; custom_css_main_element=&#8221;font-weight:400;&#8221;]<\/p>\n<p><span style=\"color: #e02b20;\">V\u00fdsledky a v\u00fdstupy<\/span><\/p>\n<p>[\/et_pb_text][et_pb_cta admin_label=&#8221;Known You Content &#8211; Diana &#8211; Call To Action&#8221; _builder_version=&#8221;4.9.0&#8243; header_font=&#8221;Roboto||||||||&#8221; header_text_color=&#8221;#33373a&#8221; header_font_size=&#8221;36px&#8221; header_line_height=&#8221;146%&#8221; body_font=&#8221;Roboto||||||||&#8221; body_text_color=&#8221;#000000&#8243; body_font_size=&#8221;16px&#8221; body_line_height=&#8221;164%&#8221; use_background_color=&#8221;off&#8221; text_orientation=&#8221;left&#8221; header_font_size_tablet=&#8221;30px&#8221; header_font_size_phone=&#8221;24px&#8221; header_font_size_last_edited=&#8221;on|phone&#8221; custom_css_promo_description=&#8221;font-weight: 400;&#8221; custom_css_promo_title=&#8221;font-weight: 400;||    padding-bottom: 19px;&#8221;][\/et_pb_cta][et_pb_cta admin_label=&#8221;Known You Content &#8211; Diana &#8211; Call To Action&#8221; _builder_version=&#8221;4.9.0&#8243; header_font=&#8221;Roboto||||||||&#8221; header_text_color=&#8221;#33373a&#8221; header_font_size=&#8221;36px&#8221; header_line_height=&#8221;146%&#8221; body_font=&#8221;Roboto||||||||&#8221; body_text_color=&#8221;#000000&#8243; body_font_size=&#8221;16px&#8221; body_line_height=&#8221;164%&#8221; use_background_color=&#8221;off&#8221; text_orientation=&#8221;left&#8221; custom_margin=&#8221;|||-411px||&#8221; custom_padding=&#8221;||0px|||&#8221; header_font_size_tablet=&#8221;30px&#8221; header_font_size_phone=&#8221;24px&#8221; header_font_size_last_edited=&#8221;on|phone&#8221; custom_css_promo_description=&#8221;font-weight: 400;&#8221; custom_css_promo_title=&#8221;font-weight: 400;||    padding-bottom: 19px;&#8221;]<\/p>\n<p><span style=\"color: #000000;\">V\u00fdzkum <strong>U\u010ditelsk\u00e9 porozum\u011bn\u00ed p\u0159\u00ed\u010din\u00e1m \u0161koln\u00ed ne\u00fasp\u011b\u0161nosti a efektivita pedagogick\u00fdch intervenc\u00ed<\/strong> byl na podzim 2023 dokon\u010den\u00fd. Zde p\u0159in\u00e1\u0161\u00edme stru\u010dn\u00e9 shrnut\u00ed z\u00e1kladn\u00edch informac\u00ed o v\u00fdzkumu. <\/span><\/p>\n<p><span style=\"color: #000000;\"><span style=\"color: #e02b20;\"><strong>Co bylo c\u00edlem?<\/strong> <\/span>Popsat, jak\u00e9 u\u010ditelsk\u00e9 postupy a techniky pom\u00e1haj\u00ed d\u011btem ohro\u017een\u00fdm \u0161koln\u00ed ne\u00fasp\u011b\u0161nost\u00ed na prvn\u00edm stupni Z\u0160 dosahovat lep\u0161\u00edch \u0161koln\u00edch v\u00fdkon\u016f.<\/span><\/p>\n<p><span style=\"color: #000000;\"><span style=\"color: #e02b20;\"><strong>Kdo v\u00fdzkum realizoval?<\/strong> <\/span>V\u00fdzkum realizoval velk\u00fd\u00a0interdisciplin\u00e1rn\u00ed t\u00fdm z Pedagogick\u00e9 fakulty Univerzity Karlovy veden\u00fd katedrou psychologie (a ve spolupr\u00e1ci s\u00a0Pedagogickou fakultou Jiho\u010desk\u00e9 univerzity). Jmenovit\u011b je v\u00fdzkumn\u00fd t\u00fdm uveden na webu projektu www.skolniuspech.pedf.cuni.cz. Finan\u010dn\u011b byl v\u00fdzkum podpo\u0159en M\u0160MT v\u00a0r\u00e1mci OPVVV (\u010d\u00edslo projektu CZ.02.3.68\/0.0\/0.0\/19_076\/0016390).<\/span><\/p>\n<p><span style=\"color: #000000;\"><span style=\"color: #e02b20;\"><strong>Kdo tvo\u0159il v\u00fdzkumn\u00fd soubor?<\/strong><\/span> V\u00fdzkumu se z\u00fa\u010dastnilo 29 vyu\u010duj\u00edc\u00edch 1. stupn\u011b Z\u0160 a \u017e\u00e1ci a\u017e\u00e1kyn\u011b v\u00a0jejich t\u0159\u00edd\u00e1ch. Celkem se jednalo o 671 d\u011bt\u00ed. Zapojen\u00e9 t\u0159\u00eddy byly rozm\u00edst\u011bny po cel\u00e9 \u010cesk\u00e9 republice, v\u00a0obc\u00edch r\u016fzn\u00fdch velikost\u00ed. T\u0159\u00eddy byly vybr\u00e1ny na konci 1. ro\u010dn\u00edku a sledov\u00e1ny do konce 3. ro\u010dn\u00edku.<\/span><\/p>\n<p><span style=\"color: #000000;\"><span style=\"color: #e02b20;\"><strong>Jak v\u00fdzkum prob\u00edhal?<\/strong><\/span> Jednalo se o s\u00e9rii p\u0159\u00edpadov\u00fdch studi\u00ed. V\u00a0ka\u017ed\u00e9 t\u0159\u00edd\u011b bylo prov\u00e1d\u011bno pozorov\u00e1n\u00ed, rozhovory a testov\u00e1n\u00ed. \u017d\u00e1ci a \u017e\u00e1kyn\u011b absolvovali ve 2. ro\u010dn\u00edku s\u00e9rii kognitivn\u00edch test\u016f a didaktick\u00fd test z\u00a0matematiky a \u010desk\u00e9ho jazyka. Ve 3. ro\u010dn\u00edku prob\u011bhlo testov\u00e1n\u00ed znovu. Vyu\u010duj\u00edc\u00ed dan\u00fdch t\u0159\u00edd poskytli rozhovory a vyplnili o ka\u017ed\u00e9m d\u00edt\u011bti dotazn\u00edk s\u00a0n\u00e1zvem Charakteristika \u017e\u00e1ka\/kyn\u011b, kter\u00fd mapoval vn\u00edm\u00e1n\u00e9 dispozice \u017e\u00e1k\u016f, \u0161koln\u00ed v\u00fdkony, vztahy a rodinn\u00e9 z\u00e1zem\u00ed Na z\u00e1klad\u011b pozorov\u00e1n\u00ed byl v\u00fdzkumn\u00fdm t\u00fdmem pro ka\u017edou t\u0159\u00eddu vypln\u011bn sumarizovan\u00fd pozorovac\u00ed arch, kter\u00fd pokr\u00fdval hlavn\u00ed aspekty v\u00fduky, chodu a klimatu ve t\u0159\u00edd\u011b.<\/span><\/p>\n<p><span style=\"color: #000000;\"><span style=\"color: #e02b20;\"><strong>Jak\u00e1 jsou hlavn\u00ed zji\u0161t\u011bn\u00ed v\u00fdzkumu? <\/strong><\/span>V\u00fdzkum p\u0159inesl enormn\u00ed mno\u017estv\u00ed dat, z\u00a0nich\u017e vze\u0161la \u0159ada zaj\u00edmav\u00fdch d\u00edl\u010d\u00edch anal\u00fdz. Nyn\u00ed \u00a0pouze p\u0159edstav\u00edme hlavn\u00ed v\u00fdsledky t\u00fdkaj\u00edc\u00ed se c\u00edle v\u00fdzkumu.<\/span><\/p>\n<ul>\n<li><span style=\"color: #0c71c3;\">Vyu\u010duj\u00edc\u00ed se ob\u00e1vaj\u00ed pou\u017e\u00edvat pojem \u0161koln\u011b ne\u00fasp\u011b\u0161n\u00fd \u017e\u00e1k, proto\u017ee je redukuj\u00edc\u00ed a stigmatizuj\u00edc\u00ed. V\u00a0u\u010ditelsk\u00e9 p\u0159edstav\u011b \u0161koln\u00ed \u00fasp\u011b\u0161nosti nejde jen o v\u00fdkony v\u00a0kognitivn\u00edch \u00fakolech, kter\u00e9 se nejsn\u00e1ze p\u0159ev\u00e1d\u00ed na prosp\u011bch. Vyu\u010duj\u00edc\u00ed zd\u016fraz\u0148ovali dynamiku v\u00fdkon\u016f v\u00a0\u010dase s\u00a0ohledem na zr\u00e1n\u00ed d\u00edt\u011bte, m\u00edru vyu\u017eit\u00ed potenci\u00e1lu a zdroj\u016f, kter\u00e9 m\u00e1 d\u00edt\u011b k\u00a0dispozici, a d\u016fle\u017eitost soci\u00e1ln\u00edch a emo\u010dn\u00edch aspekt\u016f.<\/span><\/li>\n<li><span style=\"color: #0c71c3;\">Pro bli\u017e\u0161\u00ed porozum\u011bn\u00ed \u0161koln\u00ed ne\u00fasp\u011b\u0161nosti pova\u017eujeme za nutn\u00e9 rozli\u0161ovat \u017e\u00e1ky s\u00a0oslaben\u00fdmi p\u0159edpoklady pro \u0161koln\u00ed pr\u00e1ci a \u017e\u00e1ky s\u00a0oslaben\u00fdmi \u0161koln\u00edmi v\u00fdkony.<\/span><\/li>\n<li><span style=\"color: #0c71c3;\">Na z\u00e1klad\u011b v\u00fdkon\u016f v\u00a0kognitivn\u00edch a didaktick\u00fdch testech, prosp\u011bchu, u\u010ditelsk\u00e9ho posuzov\u00e1n\u00ed v\u00a0dotazn\u00edku Charakteristika \u017e\u00e1ka\/yn\u011b, p\u0159\u00edtomnosti pl\u00e1nu pedagogick\u00e9 podpory \u010di jin\u00e9ho speci\u00e1ln\u00edho p\u0159\u00edstupu byly identifikov\u00e1ny d\u011bti, kter\u00e9 maj\u00ed oslaben\u00e9 p\u0159edpoklady a kter\u00e9 maj\u00ed oslaben\u00e9 \u0161koln\u00ed v\u00fdkony. Oslaben\u00ed existovalo bu\u010f ve 2. ro\u010dn\u00edku, nebo ve 3. ro\u010dn\u00edku, nebo v\u00a0obou z\u00e1rove\u0148.<\/span><\/li>\n<li><span style=\"color: #0c71c3;\">Pro identifikaci nejlep\u0161\u00edch pedagogick\u00fdch postup\u016f v\u016f\u010di ohro\u017een\u00fdm \u017e\u00e1k\u016fm byl sledov\u00e1n v\u00fdvoj po\u010dtu d\u011bt\u00ed s\u00a0oslaben\u00fdmi p\u0159edpoklady a s\u00a0oslaben\u00fdmi v\u00fdkony v\u00a0jednotliv\u00fdch t\u0159\u00edd\u00e1ch. Zaj\u00edmalo n\u00e1s toti\u017e, v\u00a0kter\u00fdch t\u0159\u00edd\u00e1ch a u kter\u00fdch vyu\u010duj\u00edc\u00edch se da\u0159\u00ed, aby co nejm\u00e9n\u011b d\u011bt\u00ed m\u011blo oslaben\u00e9 \u0161koln\u00ed v\u00fdkony, a to navzdory tomu, \u017ee m\u011bly p\u016fvodn\u011b oslaben\u00e9 p\u0159edpoklady.<\/span><\/li>\n<li><span style=\"color: #0c71c3;\">V\u00a0pozorovan\u00e9 v\u00fduce bylo identifikov\u00e1no sedm princip\u016f, konkr\u00e9tn\u011b: 1. P\u00e9\u010de o klima a vztahy; 2. Soci\u00e1ln\u00ed podpora u\u010den\u00ed; 3. Kognitivn\u00ed podpora u\u010den\u00ed; 4. neHierarchizace; 5. Individualizace; 6. Formativn\u00ed hodnocen\u00ed; 7. Strukturace a pravidla.<\/span><\/li>\n<li><span style=\"color: #0c71c3;\">Na z\u00e1klad\u011b jejich vz\u00e1jmen\u00e9 konstelace byli vyu\u010duj\u00edc\u00ed rozd\u011bleni do \u010dty\u0159i typ\u016f pedagogick\u00fdch p\u0159\u00edstup\u016f: 1. Komplexn\u00ed, 2. V\u0161em stejn\u011b, 3. Ka\u017ed\u00e9mu a p\u0159ehledn\u011b, 4. Opozice. Komplexn\u00ed pedagogick\u00fd p\u0159\u00edstup pova\u017eujeme za optim\u00e1ln\u00ed.<\/span><\/li>\n<li><span style=\"color: #0c71c3;\">Z\u00a0jednotliv\u00fdch v\u00fdukov\u00fdch princip\u016f se jako nejd\u016fle\u017eit\u011bj\u0161\u00ed uk\u00e1zala P\u00e9\u010de o klima a vztahy. Zejm\u00e9na oslaben\u00e9 d\u011bti pot\u0159ebuj\u00ed, aby vyu\u010duj\u00edc\u00ed kladli velk\u00fd d\u016fraz na bezpe\u010dn\u00e9 klima ve t\u0159\u00edd\u011b. D\u00edky tomu pak mohou l\u00e9pe t\u011b\u017eit z\u00a0kognitivn\u011b orientovan\u00fdch \u00fakol\u016f i z\u00a0vrstevnick\u00e9ho u\u010den\u00ed.<\/span><\/li>\n<\/ul>\n<p><span style=\"color: #000000;\"><span style=\"color: #e02b20;\"><strong>Jak\u00e9 jsou publika\u010dn\u00ed v\u00fdstupy z v\u00fdzkumu?<\/strong><\/span> Ve v\u00fdzkumu vzniklo v\u00edce ne\u017e 15 odborn\u00fdch \u010dl\u00e1nk\u016f (nap\u0159. \u010dasopis Orbis Scholea, Studia Pedagogica) a 14 populariza\u010dn\u00edch \u010dl\u00e1nk\u016f (nap\u0159. Komensk\u00fd, \u0158\u00edzen\u00ed \u0161koly, T\u0159\u00eddn\u00ed u\u010ditel). Hlavn\u00ed v\u00fdsledky jsou tak\u00e9 podrobn\u011bji pops\u00e1ny v\u00a0knize Cesty d\u011bt\u00ed s\u00a0rizikem \u0161koln\u00ed ne\u00fasp\u011b\u0161nosti, kter\u00e1 vych\u00e1z\u00ed v\u00a0nakladatelstv\u00ed Pedagogick\u00e9 fakulty Univerzity Karlovy. Pro inovace v\u00a0oblasti u\u010ditelsk\u00e9 vysoko\u0161kolsk\u00e9 p\u0159\u00edpravy slou\u017e\u00ed metodika integrace v\u00fdzkumn\u00fdch poznatk\u016f o \u0161koln\u00ed ne\u00fasp\u011b\u0161nosti, kter\u00e1 je k\u00a0dispozici ke sta\u017een\u00ed na webu projketu <a href=\"http:\/\/www.skolniuspech.pedf.cuni.cz\" style=\"color: #000000;\">www.skolniuspech.pedf.cuni.cz<\/a><\/span><\/p>\n<p><span style=\"color: #000000;\"><span style=\"color: #e02b20;\"><strong>Chcete v\u011bd\u011bt n\u011b\u010do dal\u0161\u00edho?<\/strong><\/span> V\u00a0p\u0159\u00edpad\u011b z\u00e1jmu o podrobn\u011bj\u0161\u00ed informace k\u00a0v\u00fdzkumu nev\u00e1hejte kontaktovat Irenu Smet\u00e1\u010dkovou (<a href=\"mailto:Irena.Smetackova@pedf.cuni.cz\" style=\"color: #000000;\">Irena.Smetackova@pedf.cuni.cz<\/a>) nebo Annu P\u00e1chovou (<a href=\"mailto:Anna.Pachova@pedf.cuni.cz\" style=\"color: #000000;\">Anna.Pachova@pedf.cuni.cz<\/a>), kter\u00e9 p\u0159\u00edpadn\u011b p\u0159edaj\u00ed v\u00e1\u0161 dotaz dal\u0161\u00edm osob\u00e1m ve v\u00fdzkumn\u00e9m t\u00fdmu.<\/span><\/p>\n<p><strong><\/strong><\/p>\n<p>[\/et_pb_cta][\/et_pb_column][\/et_pb_row][\/et_pb_section][et_pb_section fb_built=&#8221;1&#8243; _builder_version=&#8221;4.9.0&#8243; _module_preset=&#8221;default&#8221; min_height=&#8221;785.6px&#8221;][et_pb_row column_structure=&#8221;1_2,1_2&#8243; _builder_version=&#8221;4.9.0&#8243; _module_preset=&#8221;default&#8221; custom_padding=&#8221;0px|||||&#8221;][et_pb_column type=&#8221;1_2&#8243; _builder_version=&#8221;4.9.0&#8243; _module_preset=&#8221;default&#8221;][et_pb_accordion _builder_version=&#8221;4.9.0&#8243; _module_preset=&#8221;default&#8221; body_font_size=&#8221;18px&#8221; body_letter_spacing=&#8221;1px&#8221;][et_pb_accordion_item title=&#8221;\u010cl\u00e1nky pro vyu\u010duj\u00edc\u00ed v Z\u0160&#8221; open=&#8221;on&#8221; open_toggle_text_color=&#8221;#E02B20&#8243; _builder_version=&#8221;4.9.0&#8243; _module_preset=&#8221;default&#8221;]<\/p>\n<p>Smet\u00e1\u010dkov\u00e1, I. (2022). Funkce zn\u00e1mek na po\u010d\u00e1tku \u0161koln\u00ed doch\u00e1zky. <em>Komensk\u00fd.<\/em> Dostupn\u00e9 z: <a href=\"https:\/\/www.ped.muni.cz\/komensky\/clanky\/funkce-znamkovani-na-zacatku-skolni-dochazky\">https:\/\/www.ped.muni.cz\/komensky\/clanky\/funkce-znamkovani-na-zacatku-skolni-dochazky<\/a><\/p>\n<p><span>\u0160tef\u00e1nkov\u00e1, Z., <\/span><span>P\u00e1chov\u00e1<\/span><span>,<\/span> <span>A. <\/span>&amp;<span> B\u00edlkov\u00e1, Z. (2023) Jak si vedou d\u011bti s odkladem \u0161koln\u00ed doch\u00e1zky po n\u00e1stupu do \u0161koly ve srovn\u00e1n\u00ed se sv\u00fdmi vrstevn\u00edky? <em>\u0160koln\u00ed poradenstv\u00ed v\u00a0praxi.<\/em><\/span><\/p>\n<p><span>Smet\u00e1\u010dkov\u00e1, I. &amp; \u0160tech, S. (2021). \u017d\u00e1ci se SVP v\u00a0dob\u011b jarn\u00edho uzav\u0159en\u00ed \u0161kol: rodi\u010dovsk\u00fd pohled.<em> \u0160koln\u00ed poradenstv\u00ed v\u00a0praxi.<\/em><\/span><\/p>\n<p>Smet\u00e1\u010dkov\u00e1, I. (2021). Distan\u010dn\u00ed v\u00fduka v minul\u00e9m \u0161koln\u00edm roce z pohledu druh\u00e1\u010dk\u016f. <em>\u0158\u00edzen\u00ed \u0161koly. <\/em><\/p>\n<p>Smet\u00e1\u010dkov\u00e1, I. &amp; Star\u00e1, J. (2022). V\u00a0\u010dem se li\u0161\u00ed \u0161koln\u011b \u00fasp\u011b\u0161n\u00e9 a ne\u00fasp\u011b\u0161n\u00e9 d\u011bti? <em>T\u0159\u00eddn\u00ed u\u010ditel. <\/em><\/p>\n<p><span><em><\/em><\/span><\/p>\n<p><span><em><\/em><\/span><\/p>\n<p>[\/et_pb_accordion_item][\/et_pb_accordion][\/et_pb_column][et_pb_column type=&#8221;1_2&#8243; _builder_version=&#8221;4.9.0&#8243; _module_preset=&#8221;default&#8221;][et_pb_accordion open_toggle_text_color=&#8221;#E02B20&#8243; _builder_version=&#8221;4.9.0&#8243; _module_preset=&#8221;default&#8221; body_font_size=&#8221;18px&#8221; body_letter_spacing=&#8221;1px&#8221;][et_pb_accordion_item title=&#8221;\u010cl\u00e1nky v odborn\u00fdch \u010dasopisech&#8221; open=&#8221;on&#8221; _builder_version=&#8221;4.9.0&#8243; _module_preset=&#8221;default&#8221;]<\/p>\n<p>Smet\u00e1\u010dkov\u00e1, I., Star\u00e1, J. &amp; Chytr\u00fd, V. (2023). \u0160koln\u00ed ne\u00fasp\u011b\u0161nost na po\u010d\u00e1tku \u0161koln\u00ed doch\u00e1zky z\u00a0u\u010ditelsk\u00e9ho pohledu. <em>Studia Pedagogica.<\/em><\/p>\n<p>Smetackova, I. &amp; Stech, S. (2021). The first wave of the COVID-19 pandemic in primary schools in the Czech Republic: Parental perspectives. European Journal of Education, 56 <em>(3), 1-14. DOI: 10.1111\/ejed.12478<\/em><\/p>\n<p>Smet\u00e1\u010dkov\u00e1, I. &amp; \u0160vamberk \u0160auerov\u00e1, M. (2022). Accuracy of pupil\u00b4s self-assesment. EduPort, 2 (6). Dostupn\u00e9 z: <a href=\"https:\/\/eduport.pf.ujep.cz\/artkey\/edp-202202-0004_accuracy-of-pupils-self-assessment.php\">https:\/\/eduport.pf.ujep.cz\/artkey\/edp-202202-0004_accuracy-of-pupils-self-assessment.php<\/a><\/p>\n<p>[\/et_pb_accordion_item][\/et_pb_accordion][\/et_pb_column][\/et_pb_row][\/et_pb_section]<\/p>\n","protected":false},"excerpt":{"rendered":"<p>[et_pb_section fb_built=&#8221;1&#8243; custom_padding_last_edited=&#8221;on|tablet&#8221; disabled_on=&#8221;off|off|off&#8221; admin_label=&#8221;Your Life Content &#8211; Diana&#8221; module_class=&#8221;diana_your_life_content&#8221; _builder_version=&#8221;4.9.0&#8243; custom_padding=&#8221;29px||||false|false&#8221; custom_padding_tablet=&#8221;||0px||false|false&#8221; custom_padding_phone=&#8221;&#8221;][et_pb_row column_structure=&#8221;1_3,2_3&#8243; use_custom_gutter=&#8221;on&#8221; gutter_width=&#8221;4&#8243; custom_padding_last_edited=&#8221;on|phone&#8221; admin_label=&#8221;Your Life Content &#8211; Diana &#8211; Row&#8221; _builder_version=&#8221;4.0.6&#8243; width=&#8221;90%&#8221; custom_padding=&#8221;||26px||false|false&#8221; custom_padding_tablet=&#8221;&#8221; custom_padding_phone=&#8221;||0px||false|false&#8221;][et_pb_column type=&#8221;1_3&#8243; _builder_version=&#8221;4.0.6&#8243; custom_padding=&#8221;7px||||false|false&#8221;][\/et_pb_column][et_pb_column type=&#8221;2_3&#8243; _builder_version=&#8221;4.0.6&#8243;][et_pb_text admin_label=&#8221;Your Life Content &#8211; Diana &#8211; Text&#8221; _builder_version=&#8221;4.9.0&#8243; text_font=&#8221;Roboto||||||||&#8221; text_text_color=&#8221;#33373a&#8221; text_font_size=&#8221;54px&#8221; text_letter_spacing=&#8221;-1.6px&#8221; text_line_height=&#8221;126%&#8221; custom_margin=&#8221;|||-411px||&#8221; text_font_size_tablet=&#8221;36px&#8221; text_font_size_phone=&#8221;26px&#8221; text_font_size_last_edited=&#8221;on|phone&#8221; custom_css_main_element=&#8221;font-weight:400;&#8221;] V\u00fdsledky a [&hellip;]<\/p>\n","protected":false},"author":1,"featured_media":0,"parent":0,"menu_order":0,"comment_status":"closed","ping_status":"closed","template":"","meta":{"_et_pb_use_builder":"on","_et_pb_old_content":"","_et_gb_content_width":""},"_links":{"self":[{"href":"https:\/\/skolniuspech.pedf.cuni.cz\/index.php\/wp-json\/wp\/v2\/pages\/40"}],"collection":[{"href":"https:\/\/skolniuspech.pedf.cuni.cz\/index.php\/wp-json\/wp\/v2\/pages"}],"about":[{"href":"https:\/\/skolniuspech.pedf.cuni.cz\/index.php\/wp-json\/wp\/v2\/types\/page"}],"author":[{"embeddable":true,"href":"https:\/\/skolniuspech.pedf.cuni.cz\/index.php\/wp-json\/wp\/v2\/users\/1"}],"replies":[{"embeddable":true,"href":"https:\/\/skolniuspech.pedf.cuni.cz\/index.php\/wp-json\/wp\/v2\/comments?post=40"}],"version-history":[{"count":9,"href":"https:\/\/skolniuspech.pedf.cuni.cz\/index.php\/wp-json\/wp\/v2\/pages\/40\/revisions"}],"predecessor-version":[{"id":123,"href":"https:\/\/skolniuspech.pedf.cuni.cz\/index.php\/wp-json\/wp\/v2\/pages\/40\/revisions\/123"}],"wp:attachment":[{"href":"https:\/\/skolniuspech.pedf.cuni.cz\/index.php\/wp-json\/wp\/v2\/media?parent=40"}],"curies":[{"name":"wp","href":"https:\/\/api.w.org\/{rel}","templated":true}]}}