{"id":26,"date":"2021-02-17T16:05:58","date_gmt":"2021-02-17T16:05:58","guid":{"rendered":"http:\/\/skolniuspech.pedf.cuni.cz\/?page_id=26"},"modified":"2021-10-26T20:04:32","modified_gmt":"2021-10-26T20:04:32","slug":"pro-skoly","status":"publish","type":"page","link":"https:\/\/skolniuspech.pedf.cuni.cz\/index.php\/pro-skoly\/","title":{"rendered":"Pro \u0161koly"},"content":{"rendered":"<p>[et_pb_section fb_built=&#8221;1&#8243; custom_padding_last_edited=&#8221;on|tablet&#8221; disabled_on=&#8221;off|off|off&#8221; admin_label=&#8221;Your Life Content &#8211; Diana&#8221; module_class=&#8221;diana_your_life_content&#8221; _builder_version=&#8221;4.2.1&#8243; custom_padding=&#8221;29px||||false|false&#8221; custom_padding_tablet=&#8221;||0px||false|false&#8221; custom_padding_phone=&#8221;&#8221;][et_pb_row column_structure=&#8221;1_3,2_3&#8243; use_custom_gutter=&#8221;on&#8221; gutter_width=&#8221;4&#8243; custom_padding_last_edited=&#8221;on|phone&#8221; admin_label=&#8221;Your Life Content &#8211; Diana &#8211; Row&#8221; _builder_version=&#8221;4.0.6&#8243; width=&#8221;90%&#8221; custom_padding=&#8221;||26px||false|false&#8221; custom_padding_tablet=&#8221;&#8221; custom_padding_phone=&#8221;||0px||false|false&#8221;][et_pb_column type=&#8221;1_3&#8243; _builder_version=&#8221;4.0.6&#8243; custom_padding=&#8221;7px||||false|false&#8221;][et_pb_blurb title=&#8221;\u0160koln\u00ed \u00fasp\u011b\u0161nost&#8221; content_max_width=&#8221;100%&#8221; content_max_width_last_edited=&#8221;off|desktop&#8221; admin_label=&#8221;Your Life Content &#8211; Diana &#8211; Blurb&#8221; _builder_version=&#8221;4.9.0&#8243; header_font=&#8221;Roboto||||||||&#8221; header_text_color=&#8221;#33373a&#8221; header_font_size=&#8221;30px&#8221; header_line_height=&#8221;120%&#8221; body_font=&#8221;Roboto||||||||&#8221; body_text_color=&#8221;#a6a6a6&#8243; body_font_size=&#8221;16px&#8221; body_letter_spacing=&#8221;0.4px&#8221; body_line_height=&#8221;150%&#8221; custom_css_blurb_title=&#8221;font-weight:400;||    padding-bottom: 5px;||    letter-spacing: 0;&#8221; custom_css_blurb_content=&#8221;font-weight:400;&#8221;]<\/p>\n<p>Katedra psychologie PedF UK<\/p>\n<p>[\/et_pb_blurb][\/et_pb_column][et_pb_column type=&#8221;2_3&#8243; _builder_version=&#8221;4.0.6&#8243;][et_pb_text admin_label=&#8221;Your Life Content &#8211; Diana &#8211; Text&#8221; _builder_version=&#8221;4.9.0&#8243; text_font=&#8221;Roboto||||||||&#8221; text_text_color=&#8221;#33373a&#8221; text_font_size=&#8221;54px&#8221; text_letter_spacing=&#8221;-1.6px&#8221; text_line_height=&#8221;126%&#8221; text_font_size_tablet=&#8221;36px&#8221; text_font_size_phone=&#8221;26px&#8221; text_font_size_last_edited=&#8221;on|phone&#8221; custom_css_main_element=&#8221;font-weight:400;&#8221;]<\/p>\n<p>Informace pro zapojen\u00e9 \u0161koly<\/p>\n<p>[\/et_pb_text][et_pb_cta admin_label=&#8221;Known You Content &#8211; Diana &#8211; Call To Action&#8221; _builder_version=&#8221;4.9.0&#8243; header_font=&#8221;Roboto||||||||&#8221; header_text_color=&#8221;#33373a&#8221; header_font_size=&#8221;36px&#8221; header_line_height=&#8221;146%&#8221; body_font=&#8221;Roboto||||||||&#8221; body_text_color=&#8221;#000000&#8243; body_font_size=&#8221;16px&#8221; body_line_height=&#8221;164%&#8221; use_background_color=&#8221;off&#8221; text_orientation=&#8221;left&#8221; hover_enabled=&#8221;0&#8243; header_font_size_tablet=&#8221;30px&#8221; header_font_size_phone=&#8221;24px&#8221; header_font_size_last_edited=&#8221;on|phone&#8221; custom_css_promo_description=&#8221;font-weight: 400;&#8221; custom_css_promo_title=&#8221;font-weight: 400;||    padding-bottom: 19px;&#8221; sticky_enabled=&#8221;0&#8243;]<\/p>\n<p>V\u00e1\u017een\u00e9 pan\u00ed u\u010ditelky, v\u00e1\u017een\u00ed p\u00e1ni u\u010ditel\u00e9,<\/p>\n<p>V\u00e1\u017een\u00e9 \u0159editelky a v\u00e1\u017een\u00ed \u0159editel\u00e9,<\/p>\n<p>d\u011bkujeme v\u00e1m za zapojen\u00ed do v\u00fdzkumu p\u0159\u00ed\u010din \u0161koln\u00ed ne\u00fasp\u011b\u0161nosti.<\/p>\n<p>V\u00fdzkum prob\u00edh\u00e1 ve 30 t\u0159\u00edd\u00e1ch v\u00a0obdob\u00ed podzim 2020 a\u017e \u010derven 2022. Na za\u010d\u00e1tku a na konci tohoto obdob\u00ed jsou f\u00e1ze intenzivn\u00edho sb\u011bru dat.<\/p>\n<p>Prvn\u00ed f\u00e1ze sb\u011bru dat prob\u00edh\u00e1 od listopadu 2020 do \u00fanora 2021. V\u00a0tomto obdob\u00ed budeme sb\u00edrat informace od V\u00e1s, d\u011bt\u00ed ve Va\u0161ich t\u0159\u00edd\u00e1ch a jejich rodi\u010d\u016f.<\/p>\n<p>[\/et_pb_cta][\/et_pb_column][\/et_pb_row][et_pb_row column_structure=&#8221;1_3,1_3,1_3&#8243; use_custom_gutter=&#8221;on&#8221; gutter_width=&#8221;1&#8243; admin_label=&#8221;Your Life Content &#8211; Diana &#8211; Row&#8221; _builder_version=&#8221;4.9.0&#8243; width=&#8221;90%&#8221;][et_pb_column type=&#8221;1_3&#8243; _builder_version=&#8221;4.9.0&#8243;][et_pb_blurb title=&#8221;Data od vyu\u010duj\u00edc\u00edch&#8221; content_max_width=&#8221;90%&#8221; admin_label=&#8221;Your Life Content &#8211; Diana &#8211; Blurb&#8221; _builder_version=&#8221;4.9.0&#8243; header_font=&#8221;Roboto||||||||&#8221; header_text_color=&#8221;#33373a&#8221; body_font=&#8221;Roboto||||||||&#8221; body_text_color=&#8221;#000000&#8243; body_font_size=&#8221;13px&#8221; body_line_height=&#8221;166%&#8221; width=&#8221;100%&#8221; max_width_tablet=&#8221;&#8221; max_width_phone=&#8221;100%&#8221; max_width_last_edited=&#8221;on|phone&#8221; custom_padding=&#8221;|0px||||&#8221; hover_enabled=&#8221;0&#8243; custom_css_blurb_title=&#8221;font-weight:400;||    padding-bottom: 25px;&#8221; custom_css_blurb_content=&#8221;font-weight:400;&#8221; border_color_all_image=&#8221;#000000&#8243; sticky_enabled=&#8221;0&#8243;]<\/p>\n<p>V\u00a0tomto obdob\u00ed V\u00e1s budeme \u017e\u00e1dat o dva <strong>rozhovory<\/strong> (\u00favodn\u00ed a kazuistick\u00fd). D\u00e1le V\u00e1s budeme \u017e\u00e1dat o <strong>vypln\u011bn\u00ed dotazn\u00edku s\u00a0hodnocen\u00edm \u0161koln\u00edch charakteristik<\/strong> jednotliv\u00fdch \u017e\u00e1k\u016f a \u017e\u00e1ky\u0148 Va\u0161\u00ed t\u0159\u00eddy. Dotazn\u00edk m\u016f\u017eete vyplnit online nebo v\u00a0souboru excel.<\/p>\n<p>[\/et_pb_blurb][\/et_pb_column][et_pb_column type=&#8221;1_3&#8243; _builder_version=&#8221;4.0.6&#8243;][et_pb_blurb title=&#8221;Data od d\u011bt\u00ed&#8221; content_max_width=&#8221;90%&#8221; admin_label=&#8221;Your Life Content &#8211; Diana &#8211; Blurb&#8221; _builder_version=&#8221;4.9.0&#8243; header_font=&#8221;Roboto||||||||&#8221; header_text_color=&#8221;#33373a&#8221; body_font=&#8221;Roboto||||||||&#8221; body_text_color=&#8221;#000000&#8243; body_font_size=&#8221;13px&#8221; body_line_height=&#8221;166%&#8221; max_width_tablet=&#8221;&#8221; max_width_phone=&#8221;100%&#8221; max_width_last_edited=&#8221;on|phone&#8221; custom_margin=&#8221;|-129px||||&#8221; hover_enabled=&#8221;0&#8243; custom_css_blurb_title=&#8221;font-weight:400;||    padding-bottom: 25px;&#8221; custom_css_blurb_content=&#8221;font-weight:400;&#8221; sticky_enabled=&#8221;0&#8243;]<\/p>\n<p>Po domluv\u011b s\u00a0V\u00e1mi nav\u0161t\u00edv\u00edme t\u0159\u00eddu a <strong>zad\u00e1me d\u011btem n\u011bkolik test\u016f<\/strong>, konkr\u00e9tn\u011b:<\/p>\n<ul>\n<li>dotazn\u00edk hodnocen\u00ed distan\u010dn\u00ed v\u00fduky<\/li>\n<li>dotazn\u00edk postoj\u016f ke \u0161kole<\/li>\n<li>didaktick\u00fd test z\u00a0\u010desk\u00e9ho jazyka<\/li>\n<li>didaktick\u00fd test z\u00a0matematiky<\/li>\n<li>kognitivn\u00ed testy (logick\u00e9 my\u0161len\u00ed, pozornost, analogie, pam\u011b\u0165)<\/li>\n<\/ul>\n<p>Testy pro d\u011bti zaberou zhruba 1 vyu\u010dovac\u00ed hodinu a pot\u00e9 individu\u00e1ln\u00ed rozhovor v\u00a0rozsahu 6 minut. Testy b\u00fdvaj\u00ed pro d\u011bti zaj\u00edmav\u00e9 a z\u00e1bavn\u00e9. Sna\u017e\u00edme se navodit p\u0159\u00edjemnou, nesout\u011b\u017eivou atmosf\u00e9ru. Pro d\u011bti tedy zad\u00e1n\u00ed nep\u0159edstavuje \u017e\u00e1dn\u00fd stres.<\/p>\n<p>&nbsp;<\/p>\n<p>[\/et_pb_blurb][\/et_pb_column][et_pb_column type=&#8221;1_3&#8243; _builder_version=&#8221;4.0.6&#8243;][et_pb_blurb content_max_width=&#8221;90%&#8221; admin_label=&#8221;Your Life Content &#8211; Diana &#8211; Blurb&#8221; _builder_version=&#8221;4.9.0&#8243; header_font=&#8221;Roboto||||||||&#8221; header_text_color=&#8221;#33373a&#8221; body_font=&#8221;Roboto||||||||&#8221; body_text_color=&#8221;#000000&#8243; body_font_size=&#8221;13px&#8221; body_line_height=&#8221;166%&#8221; max_width_tablet=&#8221;&#8221; max_width_phone=&#8221;100%&#8221; max_width_last_edited=&#8221;on|phone&#8221; custom_margin=&#8221;|-250px||100px|false|false&#8221; hover_enabled=&#8221;0&#8243; custom_css_blurb_title=&#8221;font-weight:400;||    padding-bottom: 25px;&#8221; custom_css_blurb_content=&#8221;font-weight:400;&#8221; sticky_enabled=&#8221;0&#8243;]<\/p>\n<p>&nbsp;<\/p>\n<p>Jako pod\u011bkov\u00e1n\u00ed za \u00fa\u010dast d\u011btem d\u00e1v\u00e1me mal\u00fd d\u00e1rek \u2013 tu\u017eku a gumu.<\/p>\n<p>V\u00fdsledky v\u0161ech uveden\u00fdch test\u016f a dotazn\u00edk\u016f budou pou\u017eity pouze pro v\u00fdzkumn\u00e9 \u00fa\u010dely. Vyu\u010duj\u00edc\u00edm m\u016f\u017eeme poskytnout individu\u00e1ln\u00ed v\u00fdsledky \u017e\u00e1k\u016f v\u00a0didaktick\u00fdch testech. Nikoli v\u0161ak v\u00a0ostatn\u00edch testech \u2013 v\u00a0nich m\u016f\u017eeme p\u0159ipravit pouze souhrnnou zpr\u00e1vu za celou t\u0159\u00eddu v\u00a0porovn\u00e1n\u00ed s\u00a0v\u00fdsledky ostatn\u00edch z\u00fa\u010dastn\u011bn\u00fdch t\u0159\u00edd.<\/p>\n<p>[\/et_pb_blurb][\/et_pb_column][\/et_pb_row][et_pb_row column_structure=&#8221;1_2,1_2&#8243; use_custom_gutter=&#8221;on&#8221; gutter_width=&#8221;1&#8243; admin_label=&#8221;Your Life Content &#8211; Diana &#8211; Row&#8221; _builder_version=&#8221;4.9.0&#8243; width=&#8221;90%&#8221;][et_pb_column type=&#8221;1_2&#8243; _builder_version=&#8221;4.9.0&#8243;][et_pb_blurb title=&#8221;Data od rodi\u010d\u016f&#8221; content_max_width=&#8221;90%&#8221; admin_label=&#8221;Your Life Content &#8211; Diana &#8211; Blurb&#8221; _builder_version=&#8221;4.9.0&#8243; header_font=&#8221;Roboto||||||||&#8221; header_text_color=&#8221;#33373a&#8221; body_font=&#8221;Roboto||||||||&#8221; body_text_color=&#8221;#000000&#8243; body_font_size=&#8221;13px&#8221; body_line_height=&#8221;166%&#8221; max_width_tablet=&#8221;&#8221; max_width_phone=&#8221;100%&#8221; max_width_last_edited=&#8221;on|phone&#8221; hover_enabled=&#8221;0&#8243; custom_css_blurb_title=&#8221;font-weight:400;||    padding-bottom: 25px;&#8221; custom_css_blurb_content=&#8221;font-weight:400;&#8221; sticky_enabled=&#8221;0&#8243;]<\/p>\n<p>Rodi\u010de \u017e\u00e1k\u016f a \u017e\u00e1ky\u0148 bychom r\u00e1di Va\u0161\u00edm prost\u0159ednictv\u00edm po\u017e\u00e1dali o <strong>vypln\u011bn\u00ed rodi\u010dovsk\u00e9ho dotazn\u00edku<\/strong>.<\/p>\n<p>V\u00a0prvn\u00ed f\u00e1zi sb\u011bru dat pracujeme se jm\u00e9ny d\u011bt\u00ed \u2013 jsou uv\u00e1d\u011bny na v\u0161ech testech a dotazn\u00edc\u00edch. Je to nutn\u00e9 kv\u016fli propojen\u00ed datov\u00fdch soubor\u016f. Jakmile se matice spoj\u00ed, jm\u00e9na budou vymaz\u00e1na a nahrazena \u010d\u00edseln\u00fdmi k\u00f3dy. Ve\u0161ker\u00e9 dal\u0161\u00ed <strong>zpracov\u00e1n\u00ed dat bude prob\u00edhat anonymizovan\u011b<\/strong>. To znamen\u00e1 pod \u010d\u00edseln\u00fdm k\u00f3dem, jeho\u017e propojen\u00ed se jm\u00e9ny zn\u00e1 pouze neju\u017e\u0161\u00ed v\u00fdzkumn\u00fd t\u00fdm. Na bezpe\u010dnost p\u0159i zpracov\u00e1n\u00ed dat klademe velk\u00fd d\u016fraz.<\/p>\n<p>&nbsp;<\/p>\n<p>[\/et_pb_blurb][\/et_pb_column][et_pb_column type=&#8221;1_2&#8243; _builder_version=&#8221;4.9.0&#8243;][et_pb_blurb title=&#8221;Dal\u0161\u00ed sb\u011br dat&#8221; content_max_width=&#8221;90%&#8221; admin_label=&#8221;Your Life Content &#8211; Diana &#8211; Blurb&#8221; _builder_version=&#8221;4.9.0&#8243; header_font=&#8221;Roboto||||||||&#8221; header_text_color=&#8221;#33373a&#8221; body_font=&#8221;Roboto||||||||&#8221; body_text_color=&#8221;#000000&#8243; body_font_size=&#8221;13px&#8221; body_line_height=&#8221;166%&#8221; max_width_tablet=&#8221;&#8221; max_width_phone=&#8221;100%&#8221; max_width_last_edited=&#8221;on|phone&#8221; hover_enabled=&#8221;0&#8243; custom_css_blurb_title=&#8221;font-weight:400;||    padding-bottom: 25px;&#8221; custom_css_blurb_content=&#8221;font-weight:400;&#8221; sticky_enabled=&#8221;0&#8243;]<\/p>\n<p>Od jara 2021 budeme ob\u010das nav\u0161t\u011bvovat v\u00fduku v\u00a0jednotliv\u00fdch t\u0159\u00edd\u00e1ch a pozorovat ji. Na\u0161e pozornost bude zam\u011b\u0159ena prim\u00e1rn\u011b na pou\u017e\u00edvan\u00e9 pedagogick\u00e9 postupy. V\u00a0n\u00e1vaznosti na pozorov\u00e1n\u00ed V\u00e1s budeme pr\u016fb\u011b\u017en\u011b \u017e\u00e1dat o krat\u0161\u00ed rozhovory.<\/p>\n<p>Na konci t\u0159et\u00edho ro\u010dn\u00edku se uskute\u010dn\u00ed druh\u00e1 intenzivn\u00ed f\u00e1ze sb\u011bru dat. O jej\u00edm obsahu V\u00e1s budeme informovat.<\/p>\n<p>Je\u0161t\u011b jednou V\u00e1m d\u011bkujeme za spolupr\u00e1ci na v\u00fdzkumu. V\u011b\u0159\u00edme, \u017ee Va\u0161e zapojen\u00ed pom\u016f\u017ee d\u00e1l zvy\u0161ovat kvalitu vzd\u011bl\u00e1v\u00e1n\u00ed na 1. stupni z\u00e1kladn\u00edch \u0161kol.<\/p>\n<p>M\u00e1te-li jak\u00e9koliv dotazy, nev\u00e1hejte se pros\u00edm na n\u00e1s obr\u00e1tit. Velice r\u00e1di v\u00e1m je zodpov\u00edme.<\/p>\n<p>[\/et_pb_blurb][\/et_pb_column][\/et_pb_row][\/et_pb_section]<\/p>\n","protected":false},"excerpt":{"rendered":"<p>[et_pb_section fb_built=&#8221;1&#8243; custom_padding_last_edited=&#8221;on|tablet&#8221; disabled_on=&#8221;off|off|off&#8221; admin_label=&#8221;Your Life Content &#8211; Diana&#8221; module_class=&#8221;diana_your_life_content&#8221; _builder_version=&#8221;4.2.1&#8243; custom_padding=&#8221;29px||||false|false&#8221; custom_padding_tablet=&#8221;||0px||false|false&#8221; custom_padding_phone=&#8221;&#8221;][et_pb_row column_structure=&#8221;1_3,2_3&#8243; use_custom_gutter=&#8221;on&#8221; gutter_width=&#8221;4&#8243; custom_padding_last_edited=&#8221;on|phone&#8221; admin_label=&#8221;Your Life Content &#8211; Diana &#8211; Row&#8221; _builder_version=&#8221;4.0.6&#8243; width=&#8221;90%&#8221; custom_padding=&#8221;||26px||false|false&#8221; custom_padding_tablet=&#8221;&#8221; custom_padding_phone=&#8221;||0px||false|false&#8221;][et_pb_column type=&#8221;1_3&#8243; _builder_version=&#8221;4.0.6&#8243; custom_padding=&#8221;7px||||false|false&#8221;][et_pb_blurb title=&#8221;\u0160koln\u00ed \u00fasp\u011b\u0161nost&#8221; content_max_width=&#8221;100%&#8221; content_max_width_last_edited=&#8221;off|desktop&#8221; admin_label=&#8221;Your Life Content &#8211; Diana &#8211; Blurb&#8221; _builder_version=&#8221;4.9.0&#8243; header_font=&#8221;Roboto||||||||&#8221; header_text_color=&#8221;#33373a&#8221; header_font_size=&#8221;30px&#8221; header_line_height=&#8221;120%&#8221; body_font=&#8221;Roboto||||||||&#8221; body_text_color=&#8221;#a6a6a6&#8243; body_font_size=&#8221;16px&#8221; body_letter_spacing=&#8221;0.4px&#8221; body_line_height=&#8221;150%&#8221; custom_css_blurb_title=&#8221;font-weight:400;|| [&hellip;]<\/p>\n","protected":false},"author":1,"featured_media":0,"parent":0,"menu_order":0,"comment_status":"closed","ping_status":"closed","template":"","meta":{"_et_pb_use_builder":"on","_et_pb_old_content":"","_et_gb_content_width":""},"_links":{"self":[{"href":"https:\/\/skolniuspech.pedf.cuni.cz\/index.php\/wp-json\/wp\/v2\/pages\/26"}],"collection":[{"href":"https:\/\/skolniuspech.pedf.cuni.cz\/index.php\/wp-json\/wp\/v2\/pages"}],"about":[{"href":"https:\/\/skolniuspech.pedf.cuni.cz\/index.php\/wp-json\/wp\/v2\/types\/page"}],"author":[{"embeddable":true,"href":"https:\/\/skolniuspech.pedf.cuni.cz\/index.php\/wp-json\/wp\/v2\/users\/1"}],"replies":[{"embeddable":true,"href":"https:\/\/skolniuspech.pedf.cuni.cz\/index.php\/wp-json\/wp\/v2\/comments?post=26"}],"version-history":[{"count":11,"href":"https:\/\/skolniuspech.pedf.cuni.cz\/index.php\/wp-json\/wp\/v2\/pages\/26\/revisions"}],"predecessor-version":[{"id":86,"href":"https:\/\/skolniuspech.pedf.cuni.cz\/index.php\/wp-json\/wp\/v2\/pages\/26\/revisions\/86"}],"wp:attachment":[{"href":"https:\/\/skolniuspech.pedf.cuni.cz\/index.php\/wp-json\/wp\/v2\/media?parent=26"}],"curies":[{"name":"wp","href":"https:\/\/api.w.org\/{rel}","templated":true}]}}