{"id":2,"date":"2021-02-17T15:46:06","date_gmt":"2021-02-17T15:46:06","guid":{"rendered":"http:\/\/skolniuspech.pedf.cuni.cz\/?page_id=2"},"modified":"2021-10-26T20:29:25","modified_gmt":"2021-10-26T20:29:25","slug":"sample-page","status":"publish","type":"page","link":"https:\/\/skolniuspech.pedf.cuni.cz\/index.php\/sample-page\/","title":{"rendered":"Pro rodi\u010de"},"content":{"rendered":"<p>[et_pb_section fb_built=&#8221;1&#8243; custom_padding_last_edited=&#8221;on|tablet&#8221; disabled_on=&#8221;off|off|off&#8221; admin_label=&#8221;Your Life Content &#8211; Diana&#8221; module_class=&#8221;diana_your_life_content&#8221; _builder_version=&#8221;4.2.1&#8243; custom_padding=&#8221;29px||||false|false&#8221; custom_padding_tablet=&#8221;||0px||false|false&#8221; custom_padding_phone=&#8221;&#8221;][et_pb_row column_structure=&#8221;1_3,2_3&#8243; use_custom_gutter=&#8221;on&#8221; gutter_width=&#8221;4&#8243; custom_padding_last_edited=&#8221;on|phone&#8221; admin_label=&#8221;Your Life Content &#8211; Diana &#8211; Row&#8221; _builder_version=&#8221;4.0.6&#8243; width=&#8221;90%&#8221; custom_padding=&#8221;||26px||false|false&#8221; custom_padding_tablet=&#8221;&#8221; custom_padding_phone=&#8221;||0px||false|false&#8221;][et_pb_column type=&#8221;1_3&#8243; _builder_version=&#8221;4.0.6&#8243; custom_padding=&#8221;7px||||false|false&#8221;][et_pb_blurb title=&#8221;\u0160koln\u00ed \u00fasp\u011b\u0161nost&#8221; content_max_width=&#8221;100%&#8221; content_max_width_last_edited=&#8221;off|desktop&#8221; admin_label=&#8221;Your Life Content &#8211; Diana &#8211; Blurb&#8221; _builder_version=&#8221;4.9.0&#8243; header_font=&#8221;Roboto||||||||&#8221; header_text_color=&#8221;#33373a&#8221; header_font_size=&#8221;30px&#8221; header_line_height=&#8221;120%&#8221; body_font=&#8221;Roboto||||||||&#8221; body_text_color=&#8221;#a6a6a6&#8243; body_font_size=&#8221;16px&#8221; body_letter_spacing=&#8221;0.4px&#8221; body_line_height=&#8221;150%&#8221; custom_css_blurb_title=&#8221;font-weight:400;||    padding-bottom: 5px;||    letter-spacing: 0;&#8221; custom_css_blurb_content=&#8221;font-weight:400;&#8221;]<\/p>\n<p>Katedra psychologie PedF UK<\/p>\n<p>[\/et_pb_blurb][\/et_pb_column][et_pb_column type=&#8221;2_3&#8243; _builder_version=&#8221;4.0.6&#8243;][et_pb_text admin_label=&#8221;Your Life Content &#8211; Diana &#8211; Text&#8221; _builder_version=&#8221;4.9.0&#8243; text_font=&#8221;Roboto||||||||&#8221; text_text_color=&#8221;#33373a&#8221; text_font_size=&#8221;54px&#8221; text_letter_spacing=&#8221;-1.6px&#8221; text_line_height=&#8221;126%&#8221; text_font_size_tablet=&#8221;36px&#8221; text_font_size_phone=&#8221;26px&#8221; text_font_size_last_edited=&#8221;on|phone&#8221; custom_css_main_element=&#8221;font-weight:400;&#8221;]<\/p>\n<p>Informace pro zapojen\u00e9<br \/>rodi\u010de a d\u011bti<\/p>\n<p>[\/et_pb_text][et_pb_cta admin_label=&#8221;Known You Content &#8211; Diana &#8211; Call To Action&#8221; _builder_version=&#8221;4.9.0&#8243; header_font=&#8221;Roboto||||||||&#8221; header_text_color=&#8221;#33373a&#8221; header_font_size=&#8221;36px&#8221; header_line_height=&#8221;146%&#8221; body_font=&#8221;Roboto||||||||&#8221; body_text_color=&#8221;#000000&#8243; body_font_size=&#8221;16px&#8221; body_line_height=&#8221;164%&#8221; use_background_color=&#8221;off&#8221; text_orientation=&#8221;left&#8221; header_font_size_tablet=&#8221;30px&#8221; header_font_size_phone=&#8221;24px&#8221; header_font_size_last_edited=&#8221;on|phone&#8221; custom_css_promo_description=&#8221;font-weight: 400;&#8221; custom_css_promo_title=&#8221;font-weight: 400;||    padding-bottom: 19px;&#8221;]<\/p>\n<p>V\u00e1\u017een\u00ed rodi\u010de,<br \/> d\u011bkujeme, \u017ee jste souhlasili se zapojen\u00edm do v\u00fdzkumu. V\u00fdzkum se uskute\u010d\u0148uje ve 30 t\u0159\u00edd\u00e1ch v obdob\u00ed podzim 2020 a\u017e \u010derven 2022. Na za\u010d\u00e1tku a na konci tohoto obdob\u00ed jsou f\u00e1ze intenzivn\u00edho sb\u011bru dat. V nich budeme Va\u0161im d\u011btem zad\u00e1vat testy a V\u00e1s budeme \u017e\u00e1dat o vypln\u011bn\u00ed dotazn\u00edku. Prvn\u00ed f\u00e1ze sb\u011bru dat prob\u00edh\u00e1 od listopadu 2020 do \u00fanora 2021. V tomto obdob\u00ed budeme sb\u00edrat informace od vyu\u010duj\u00edc\u00edch, od V\u00e1s a od d\u011bt\u00ed.<\/p>\n<p>[\/et_pb_cta][\/et_pb_column][\/et_pb_row][et_pb_row column_structure=&#8221;1_3,1_3,1_3&#8243; use_custom_gutter=&#8221;on&#8221; gutter_width=&#8221;2&#8243; admin_label=&#8221;Your Life Content &#8211; Diana &#8211; Row&#8221; _builder_version=&#8221;4.9.0&#8243; width=&#8221;90%&#8221; module_alignment=&#8221;center&#8221;][et_pb_column type=&#8221;1_3&#8243; _builder_version=&#8221;4.9.0&#8243;][et_pb_blurb title=&#8221;Testov\u00e1n\u00ed d\u011bt\u00ed&#8221; admin_label=&#8221;Your Life Content &#8211; Diana &#8211; Blurb&#8221; _builder_version=&#8221;4.9.0&#8243; header_font=&#8221;Roboto||||||||&#8221; header_text_color=&#8221;#33373a&#8221; body_font=&#8221;Roboto||||||||&#8221; body_text_color=&#8221;#000000&#8243; body_font_size=&#8221;13px&#8221; body_line_height=&#8221;166%&#8221; width=&#8221;100%&#8221; max_width_tablet=&#8221;&#8221; max_width_phone=&#8221;100%&#8221; max_width_last_edited=&#8221;on|phone&#8221; custom_padding=&#8221;|0px||||&#8221; custom_css_blurb_title=&#8221;font-weight:400;||    padding-bottom: 25px;&#8221; custom_css_blurb_content=&#8221;font-weight:400;&#8221;]<\/p>\n<p>Po domluv\u011b s vyu\u010duj\u00edc\u00edmi nav\u0161t\u00edv\u00edme t\u0159\u00eddu a zad\u00e1me d\u011btem n\u011bkolik test\u016f, konkr\u00e9tn\u011b:<\/p>\n<ul>\n<li>dotazn\u00edk hodnocen\u00ed distan\u010dn\u00ed v\u00fduky<\/li>\n<li>dotazn\u00edk postoj\u016f ke \u0161kole<\/li>\n<li>didaktick\u00fd test z \u010desk\u00e9ho jazyka<\/li>\n<li>didaktick\u00fd test z matematiky<\/li>\n<li>kognitivn\u00ed testy (logick\u00e9 my\u0161len\u00ed, pozornost, analogie, pam\u011b\u0165)<\/li>\n<\/ul>\n<p>Testy pro d\u011bti zaberou zhruba 1 vyu\u010dovac\u00ed hodinu a pot\u00e9 individu\u00e1ln\u00ed rozhovor v rozsahu 6 minut. Testy b\u00fdvaj\u00ed pro d\u011bti zaj\u00edmav\u00e9 a z\u00e1bavn\u00e9. Sna\u017e\u00edme se navodit p\u0159\u00edjemnou, nesout\u011b\u017eivou atmosf\u00e9ru. Pro d\u011bti tedy zad\u00e1n\u00ed nep\u0159edstavuje \u017e\u00e1dn\u00fd stres.<br \/> Jako pod\u011bkov\u00e1n\u00ed za \u00fa\u010dast d\u011btem d\u00e1v\u00e1me mal\u00fd d\u00e1rek \u2013 tu\u017eku a gumu<\/p>\n<p>V\u00fdsledky v\u0161ech uveden\u00fdch test\u016f a dotazn\u00edk\u016f budou pou\u017eity pouze pro v\u00fdzkumn\u00e9 \u00fa\u010dely. Pokud budete m\u00edt z\u00e1jem, m\u016f\u017eeme v\u00fdsledky va\u0161eho d\u00edt\u011bte poskytnout na vy\u017e\u00e1d\u00e1n\u00ed V\u00e1m. Vyu\u010duj\u00edc\u00ed v\u00fdsledky Va\u0161eho d\u00edt\u011bte neobdr\u017e\u00ed, s v\u00fdjimkou didaktick\u00fdch test\u016f.<\/p>\n<p>[\/et_pb_blurb][\/et_pb_column][et_pb_column type=&#8221;1_3&#8243; _builder_version=&#8221;4.0.6&#8243;][et_pb_blurb title=&#8221;Dotazn\u00edk pro rodi\u010de&#8221; admin_label=&#8221;Your Life Content &#8211; Diana &#8211; Blurb&#8221; _builder_version=&#8221;4.9.0&#8243; header_font=&#8221;Roboto||||||||&#8221; header_text_color=&#8221;#33373a&#8221; body_font=&#8221;Roboto||||||||&#8221; body_text_color=&#8221;#000000&#8243; body_font_size=&#8221;13px&#8221; body_line_height=&#8221;166%&#8221; width=&#8221;100%&#8221; max_width_tablet=&#8221;&#8221; max_width_phone=&#8221;100%&#8221; max_width_last_edited=&#8221;on|phone&#8221; custom_css_blurb_title=&#8221;font-weight:400;||    padding-bottom: 25px;&#8221; custom_css_blurb_content=&#8221;font-weight:400;&#8221;]<\/p>\n<p>VProst\u0159ednictv\u00edm vyu\u010duj\u00edc\u00edch za\u0161leme V\u00e1m, rodi\u010d\u016fm, prosbu o vypln\u011bn\u00ed rodi\u010dovsk\u00e9ho dotazn\u00edku. Dotazn\u00edk se pt\u00e1 na informace t\u00fdkaj\u00edc\u00ed se Va\u0161eho d\u00edt\u011bte a jeho \u0161koln\u00ed doch\u00e1zky, v men\u0161\u00ed m\u00ed\u0159e tak\u00e9 Va\u0161\u00ed rodiny. Jedn\u00e1 se o informace, kter\u00e9 jsou nezbytn\u00e9 proto, abychom zjistili, jak\u00e9 faktory pom\u00e1haj\u00ed d\u011btem dosahovat \u0161koln\u00edch \u00fasp\u011bch\u016f.<\/p>\n<p>V dotazn\u00edku se pt\u00e1me na jm\u00e9no d\u00edt\u011bte z toho d\u016fvodu, aby bylo mo\u017en\u00e9 Va\u0161e odpov\u011bdi propojit s \u00fadaji z \u017e\u00e1kovsk\u00fdch test\u016f a dotazn\u00edk\u016f. Jakmile budou datov\u00e9 matice spojeny, dojde k vymaz\u00e1n\u00ed jmen a jejich nahrazen\u00ed \u010d\u00edseln\u00fdmi k\u00f3dy. Ve\u0161ker\u00e9 dal\u0161\u00ed zpracov\u00e1n\u00ed dat bude prob\u00edhat anonymizovan\u011b. To znamen\u00e1 pod \u010d\u00edseln\u00fdm k\u00f3dem, jeho\u017e propojen\u00ed se jm\u00e9ny zn\u00e1 pouze neju\u017e\u0161\u00ed v\u00fdzkumn\u00fd t\u00fdm. Na bezpe\u010dnost p\u0159i zpracov\u00e1n\u00ed dat\u00a0 klademe velk\u00fd d\u016fraz.<\/p>\n<p>[\/et_pb_blurb][\/et_pb_column][et_pb_column type=&#8221;1_3&#8243; _builder_version=&#8221;4.0.6&#8243;][et_pb_blurb title=&#8221;Dal\u0161\u00ed sb\u011br dat&#8221; content_max_width=&#8221;100%&#8221; admin_label=&#8221;Your Life Content &#8211; Diana &#8211; Blurb&#8221; _builder_version=&#8221;4.9.0&#8243; header_font=&#8221;Roboto||||||||&#8221; header_text_color=&#8221;#33373a&#8221; body_font=&#8221;Roboto||||||||&#8221; body_text_color=&#8221;#000000&#8243; body_font_size=&#8221;13px&#8221; body_line_height=&#8221;166%&#8221; max_width=&#8221;294px&#8221; max_width_tablet=&#8221;&#8221; max_width_phone=&#8221;100%&#8221; max_width_last_edited=&#8221;on|phone&#8221; custom_css_blurb_title=&#8221;font-weight:400;||    padding-bottom: 25px;&#8221; custom_css_blurb_content=&#8221;font-weight:400;&#8221;]<\/p>\n<p>Od jara 2021 budeme ob\u010das nav\u0161t\u011bvovat v\u00fduku v jednotliv\u00fdch t\u0159\u00edd\u00e1ch a pozorovat ji. Na\u0161e pozornost bude zam\u011b\u0159ena prim\u00e1rn\u011b na vyu\u010duj\u00edc\u00ed a jejich pedagogick\u00e9 postupy. Pokud se v t\u00e9to dob\u011b uk\u00e1\u017ee ur\u010dit\u00e9 t\u00e9ma jako d\u016fle\u017eit\u00e9, dovol\u00edme si poslat V\u00e1m zpr\u00e1vu a p\u0159\u00edpadn\u011b prosbu o stru\u010dn\u00e9 vyj\u00e1d\u0159en\u00ed.<\/p>\n<p>Na konci t\u0159et\u00edho ro\u010dn\u00edku se uskute\u010dn\u00ed druh\u00e1 f\u00e1ze sb\u011bru dat. O jej\u00edm obsahu V\u00e1s budeme informovat. Je\u0161t\u011b jednou v\u00e1m d\u011bkujeme za spolupr\u00e1ci na v\u00fdzkumu. V\u011b\u0159\u00edme, \u017ee Va\u0161e zapojen\u00ed pom\u016f\u017ee d\u00e1l zvy\u0161ovat kvalitu vzd\u011bl\u00e1v\u00e1n\u00ed na 1. stupni z\u00e1kladn\u00edch \u0161kol.<\/p>\n<p><span style=\"color: #000000;\">M\u00e1te-li jak\u00e9koliv dotazy, nev\u00e1hejte se pros\u00edm na n\u00e1s obr\u00e1tit. Velice r\u00e1di V\u00e1m je zodpov\u00edme.<\/span><\/p>\n<p>[\/et_pb_blurb][\/et_pb_column][\/et_pb_row][\/et_pb_section]<\/p>\n","protected":false},"excerpt":{"rendered":"<p>[et_pb_section fb_built=&#8221;1&#8243; custom_padding_last_edited=&#8221;on|tablet&#8221; disabled_on=&#8221;off|off|off&#8221; admin_label=&#8221;Your Life Content &#8211; Diana&#8221; module_class=&#8221;diana_your_life_content&#8221; _builder_version=&#8221;4.2.1&#8243; custom_padding=&#8221;29px||||false|false&#8221; custom_padding_tablet=&#8221;||0px||false|false&#8221; custom_padding_phone=&#8221;&#8221;][et_pb_row column_structure=&#8221;1_3,2_3&#8243; use_custom_gutter=&#8221;on&#8221; gutter_width=&#8221;4&#8243; custom_padding_last_edited=&#8221;on|phone&#8221; admin_label=&#8221;Your Life Content &#8211; Diana &#8211; Row&#8221; _builder_version=&#8221;4.0.6&#8243; width=&#8221;90%&#8221; custom_padding=&#8221;||26px||false|false&#8221; custom_padding_tablet=&#8221;&#8221; custom_padding_phone=&#8221;||0px||false|false&#8221;][et_pb_column type=&#8221;1_3&#8243; _builder_version=&#8221;4.0.6&#8243; custom_padding=&#8221;7px||||false|false&#8221;][et_pb_blurb title=&#8221;\u0160koln\u00ed \u00fasp\u011b\u0161nost&#8221; content_max_width=&#8221;100%&#8221; content_max_width_last_edited=&#8221;off|desktop&#8221; admin_label=&#8221;Your Life Content &#8211; Diana &#8211; Blurb&#8221; _builder_version=&#8221;4.9.0&#8243; header_font=&#8221;Roboto||||||||&#8221; header_text_color=&#8221;#33373a&#8221; header_font_size=&#8221;30px&#8221; header_line_height=&#8221;120%&#8221; body_font=&#8221;Roboto||||||||&#8221; body_text_color=&#8221;#a6a6a6&#8243; body_font_size=&#8221;16px&#8221; body_letter_spacing=&#8221;0.4px&#8221; body_line_height=&#8221;150%&#8221; custom_css_blurb_title=&#8221;font-weight:400;|| [&hellip;]<\/p>\n","protected":false},"author":1,"featured_media":0,"parent":0,"menu_order":0,"comment_status":"closed","ping_status":"open","template":"","meta":{"_et_pb_use_builder":"on","_et_pb_old_content":"<!-- wp:paragraph -->\n<p>This is an example page. It's different from a blog post because it will stay in one place and will show up in your site navigation (in most themes). Most people start with an About page that introduces them to potential site visitors. It might say something like this:<\/p>\n<!-- \/wp:paragraph -->\n\n<!-- wp:quote -->\n<blockquote class=\"wp-block-quote\"><p>Hi there! I'm a bike messenger by day, aspiring actor by night, and this is my website. I live in Los Angeles, have a great dog named Jack, and I like pi&#241;a coladas. (And gettin' caught in the rain.)<\/p><\/blockquote>\n<!-- \/wp:quote -->\n\n<!-- wp:paragraph -->\n<p>...or something like this:<\/p>\n<!-- \/wp:paragraph -->\n\n<!-- wp:quote -->\n<blockquote class=\"wp-block-quote\"><p>The XYZ Doohickey Company was founded in 1971, and has been providing quality doohickeys to the public ever since. Located in Gotham City, XYZ employs over 2,000 people and does all kinds of awesome things for the Gotham community.<\/p><\/blockquote>\n<!-- \/wp:quote -->\n\n<!-- wp:paragraph -->\n<p>As a new WordPress user, you should go to <a href=\"http:\/\/skolniuspech.pedf.cuni.cz\/wp-admin\/\">your dashboard<\/a> to delete this page and create new pages for your content. Have fun!<\/p>\n<!-- \/wp:paragraph -->","_et_gb_content_width":""},"_links":{"self":[{"href":"https:\/\/skolniuspech.pedf.cuni.cz\/index.php\/wp-json\/wp\/v2\/pages\/2"}],"collection":[{"href":"https:\/\/skolniuspech.pedf.cuni.cz\/index.php\/wp-json\/wp\/v2\/pages"}],"about":[{"href":"https:\/\/skolniuspech.pedf.cuni.cz\/index.php\/wp-json\/wp\/v2\/types\/page"}],"author":[{"embeddable":true,"href":"https:\/\/skolniuspech.pedf.cuni.cz\/index.php\/wp-json\/wp\/v2\/users\/1"}],"replies":[{"embeddable":true,"href":"https:\/\/skolniuspech.pedf.cuni.cz\/index.php\/wp-json\/wp\/v2\/comments?post=2"}],"version-history":[{"count":7,"href":"https:\/\/skolniuspech.pedf.cuni.cz\/index.php\/wp-json\/wp\/v2\/pages\/2\/revisions"}],"predecessor-version":[{"id":88,"href":"https:\/\/skolniuspech.pedf.cuni.cz\/index.php\/wp-json\/wp\/v2\/pages\/2\/revisions\/88"}],"wp:attachment":[{"href":"https:\/\/skolniuspech.pedf.cuni.cz\/index.php\/wp-json\/wp\/v2\/media?parent=2"}],"curies":[{"name":"wp","href":"https:\/\/api.w.org\/{rel}","templated":true}]}}